{"id":7219,"date":"2026-02-17T21:30:25","date_gmt":"2026-02-17T18:30:25","guid":{"rendered":"https:\/\/gaiastudioofficial.com\/?post_type=product&#038;p=7219"},"modified":"2026-02-17T21:30:31","modified_gmt":"2026-02-17T18:30:31","slug":"satin-flow-pants","status":"publish","type":"product","link":"https:\/\/gaiastudioofficial.com\/en\/product\/satin-flow-pants\/","title":{"rendered":"SATIN FLOW PANTS"},"content":{"rendered":"<p>Gaia Satin Flow Pants are a powerful interpretation of modern femininity with their fluid texture and high waist cut. The slightly shiny surface reflects light softly, while the loose leg shape gives the silhouette an elegant movement.<\/p>\n<p>Daytime elegance with a minimal top and evening elegance with heels.<br \/>\nSimple but striking.<\/p>","protected":false},"excerpt":{"rendered":"<p>Gaia Satin Flow Pants are a powerful interpretation of modern femininity with their fluid texture and high waist cut. The slightly shiny surface softly reflects the light, while the loose fit gives the silhouette an elegant movement. Daytime chic with a minimal top and evening elegance with heels. Simple yet striking.<\/p>","protected":false},"featured_media":7028,"comment_status":"closed","ping_status":"closed","template":"","meta":[],"product_brand":[],"product_cat":[75,71],"product_tag":[],"class_list":{"0":"post-7219","1":"product","2":"type-product","3":"status-publish","4":"has-post-thumbnail","6":"product_cat-alt-giyim","7":"product_cat-yeni-gelenler","9":"first","10":"instock","11":"shipping-taxable","12":"purchasable","13":"product-type-variable"},"yoast_head":"<!-- This site is optimized with the Yoast SEO plugin v26.3 - https:\/\/yoast.com\/wordpress\/plugins\/seo\/ -->\n<title>SATIN FLOW PANTS - Gaia Studio<\/title>\n<meta name=\"robots\" content=\"index, follow, max-snippet:-1, max-image-preview:large, max-video-preview:-1\" \/>\n<link rel=\"canonical\" href=\"https:\/\/gaiastudioofficial.com\/en\/product\/satin-flow-pants\/\" \/>\n<meta property=\"og:locale\" content=\"en_US\" \/>\n<meta property=\"og:type\" content=\"article\" \/>\n<meta property=\"og:title\" content=\"SATIN FLOW PANTS - Gaia Studio\" \/>\n<meta property=\"og:description\" content=\"Gaia Satin Flow Pants, ak\u0131\u015fkan dokusu ve y\u00fcksek bel kesimiyle modern feminenli\u011fin g\u00fc\u00e7l\u00fc bir yorumudur. Hafif parlak y\u00fczeyi \u0131\u015f\u0131\u011f\u0131 yumu\u015fak \u015fekilde yans\u0131t\u0131rken, bol pa\u00e7a formu siluete zarif bir hareket kazand\u0131r\u0131r. Minimal bir \u00fcstle g\u00fcnd\u00fcz \u015f\u0131kl\u0131\u011f\u0131, topuklu ayakkab\u0131yla ak\u015fam zarafeti yarat\u0131r. Sade ama dikkat \u00e7ekici.\" \/>\n<meta property=\"og:url\" content=\"https:\/\/gaiastudioofficial.com\/en\/product\/satin-flow-pants\/\" \/>\n<meta property=\"og:site_name\" content=\"Gaia Studio\" \/>\n<meta property=\"article:modified_time\" content=\"2026-02-17T18:30:31+00:00\" \/>\n<meta property=\"og:image\" content=\"https:\/\/gaiastudioofficial.com\/wp-content\/uploads\/2026\/02\/IMG_0220.jpeg\" \/>\n\t<meta property=\"og:image:width\" content=\"875\" \/>\n\t<meta property=\"og:image:height\" content=\"1312\" \/>\n\t<meta property=\"og:image:type\" content=\"image\/jpeg\" \/>\n<meta name=\"twitter:card\" content=\"summary_large_image\" \/>\n<script type=\"application\/ld+json\" class=\"yoast-schema-graph\">{\"@context\":\"https:\/\/schema.org\",\"@graph\":[{\"@type\":\"WebPage\",\"@id\":\"https:\/\/gaiastudioofficial.com\/urun\/satin-flow-pants\/\",\"url\":\"https:\/\/gaiastudioofficial.com\/urun\/satin-flow-pants\/\",\"name\":\"SATIN FLOW PANTS - Gaia Studio\",\"isPartOf\":{\"@id\":\"https:\/\/gaiastudioofficial.com\/#website\"},\"primaryImageOfPage\":{\"@id\":\"https:\/\/gaiastudioofficial.com\/urun\/satin-flow-pants\/#primaryimage\"},\"image\":{\"@id\":\"https:\/\/gaiastudioofficial.com\/urun\/satin-flow-pants\/#primaryimage\"},\"thumbnailUrl\":\"https:\/\/gaiastudioofficial.com\/wp-content\/uploads\/2026\/02\/IMG_0220.jpeg\",\"datePublished\":\"2026-02-17T18:30:25+00:00\",\"dateModified\":\"2026-02-17T18:30:31+00:00\",\"breadcrumb\":{\"@id\":\"https:\/\/gaiastudioofficial.com\/urun\/satin-flow-pants\/#breadcrumb\"},\"inLanguage\":\"en-US\",\"potentialAction\":[{\"@type\":\"ReadAction\",\"target\":[\"https:\/\/gaiastudioofficial.com\/urun\/satin-flow-pants\/\"]}]},{\"@type\":\"ImageObject\",\"inLanguage\":\"en-US\",\"@id\":\"https:\/\/gaiastudioofficial.com\/urun\/satin-flow-pants\/#primaryimage\",\"url\":\"https:\/\/gaiastudioofficial.com\/wp-content\/uploads\/2026\/02\/IMG_0220.jpeg\",\"contentUrl\":\"https:\/\/gaiastudioofficial.com\/wp-content\/uploads\/2026\/02\/IMG_0220.jpeg\",\"width\":875,\"height\":1312},{\"@type\":\"BreadcrumbList\",\"@id\":\"https:\/\/gaiastudioofficial.com\/urun\/satin-flow-pants\/#breadcrumb\",\"itemListElement\":[{\"@type\":\"ListItem\",\"position\":1,\"name\":\"Anasayfa\",\"item\":\"https:\/\/gaiastudioofficial.com\/\"},{\"@type\":\"ListItem\",\"position\":2,\"name\":\"\u00dcr\u00fcnler\",\"item\":\"https:\/\/gaiastudioofficial.com\/shop\/\"},{\"@type\":\"ListItem\",\"position\":3,\"name\":\"SATIN FLOW PANTS\"}]},{\"@type\":\"WebSite\",\"@id\":\"https:\/\/gaiastudioofficial.com\/#website\",\"url\":\"https:\/\/gaiastudioofficial.com\/\",\"name\":\"Gaia Studio\",\"description\":\"\",\"publisher\":{\"@id\":\"https:\/\/gaiastudioofficial.com\/#organization\"},\"potentialAction\":[{\"@type\":\"SearchAction\",\"target\":{\"@type\":\"EntryPoint\",\"urlTemplate\":\"https:\/\/gaiastudioofficial.com\/?s={search_term_string}\"},\"query-input\":{\"@type\":\"PropertyValueSpecification\",\"valueRequired\":true,\"valueName\":\"search_term_string\"}}],\"inLanguage\":\"en-US\"},{\"@type\":\"Organization\",\"@id\":\"https:\/\/gaiastudioofficial.com\/#organization\",\"name\":\"Gaia Studio\",\"url\":\"https:\/\/gaiastudioofficial.com\/\",\"logo\":{\"@type\":\"ImageObject\",\"inLanguage\":\"en-US\",\"@id\":\"https:\/\/gaiastudioofficial.com\/#\/schema\/logo\/image\/\",\"url\":\"https:\/\/gaiastudioofficial.com\/wp-content\/uploads\/2024\/08\/2-1-e1762222663606.png\",\"contentUrl\":\"https:\/\/gaiastudioofficial.com\/wp-content\/uploads\/2024\/08\/2-1-e1762222663606.png\",\"width\":563,\"height\":373,\"caption\":\"Gaia Studio\"},\"image\":{\"@id\":\"https:\/\/gaiastudioofficial.com\/#\/schema\/logo\/image\/\"}}]}<\/script>\n<!-- \/ Yoast SEO plugin. -->","yoast_head_json":{"title":"SATIN FLOW PANTS - Gaia Studio","robots":{"index":"index","follow":"follow","max-snippet":"max-snippet:-1","max-image-preview":"max-image-preview:large","max-video-preview":"max-video-preview:-1"},"canonical":"https:\/\/gaiastudioofficial.com\/en\/product\/satin-flow-pants\/","og_locale":"en_US","og_type":"article","og_title":"SATIN FLOW PANTS - Gaia Studio","og_description":"Gaia Satin Flow Pants, ak\u0131\u015fkan dokusu ve y\u00fcksek bel kesimiyle modern feminenli\u011fin g\u00fc\u00e7l\u00fc bir yorumudur. Hafif parlak y\u00fczeyi \u0131\u015f\u0131\u011f\u0131 yumu\u015fak \u015fekilde yans\u0131t\u0131rken, bol pa\u00e7a formu siluete zarif bir hareket kazand\u0131r\u0131r. Minimal bir \u00fcstle g\u00fcnd\u00fcz \u015f\u0131kl\u0131\u011f\u0131, topuklu ayakkab\u0131yla ak\u015fam zarafeti yarat\u0131r. Sade ama dikkat \u00e7ekici.","og_url":"https:\/\/gaiastudioofficial.com\/en\/product\/satin-flow-pants\/","og_site_name":"Gaia Studio","article_modified_time":"2026-02-17T18:30:31+00:00","og_image":[{"width":875,"height":1312,"url":"https:\/\/gaiastudioofficial.com\/wp-content\/uploads\/2026\/02\/IMG_0220.jpeg","type":"image\/jpeg"}],"twitter_card":"summary_large_image","schema":{"@context":"https:\/\/schema.org","@graph":[{"@type":"WebPage","@id":"https:\/\/gaiastudioofficial.com\/urun\/satin-flow-pants\/","url":"https:\/\/gaiastudioofficial.com\/urun\/satin-flow-pants\/","name":"SATIN FLOW PANTS - Gaia Studio","isPartOf":{"@id":"https:\/\/gaiastudioofficial.com\/#website"},"primaryImageOfPage":{"@id":"https:\/\/gaiastudioofficial.com\/urun\/satin-flow-pants\/#primaryimage"},"image":{"@id":"https:\/\/gaiastudioofficial.com\/urun\/satin-flow-pants\/#primaryimage"},"thumbnailUrl":"https:\/\/gaiastudioofficial.com\/wp-content\/uploads\/2026\/02\/IMG_0220.jpeg","datePublished":"2026-02-17T18:30:25+00:00","dateModified":"2026-02-17T18:30:31+00:00","breadcrumb":{"@id":"https:\/\/gaiastudioofficial.com\/urun\/satin-flow-pants\/#breadcrumb"},"inLanguage":"en-US","potentialAction":[{"@type":"ReadAction","target":["https:\/\/gaiastudioofficial.com\/urun\/satin-flow-pants\/"]}]},{"@type":"ImageObject","inLanguage":"en-US","@id":"https:\/\/gaiastudioofficial.com\/urun\/satin-flow-pants\/#primaryimage","url":"https:\/\/gaiastudioofficial.com\/wp-content\/uploads\/2026\/02\/IMG_0220.jpeg","contentUrl":"https:\/\/gaiastudioofficial.com\/wp-content\/uploads\/2026\/02\/IMG_0220.jpeg","width":875,"height":1312},{"@type":"BreadcrumbList","@id":"https:\/\/gaiastudioofficial.com\/urun\/satin-flow-pants\/#breadcrumb","itemListElement":[{"@type":"ListItem","position":1,"name":"Anasayfa","item":"https:\/\/gaiastudioofficial.com\/"},{"@type":"ListItem","position":2,"name":"\u00dcr\u00fcnler","item":"https:\/\/gaiastudioofficial.com\/shop\/"},{"@type":"ListItem","position":3,"name":"SATIN FLOW PANTS"}]},{"@type":"WebSite","@id":"https:\/\/gaiastudioofficial.com\/#website","url":"https:\/\/gaiastudioofficial.com\/","name":"Gaia Studio","description":"","publisher":{"@id":"https:\/\/gaiastudioofficial.com\/#organization"},"potentialAction":[{"@type":"SearchAction","target":{"@type":"EntryPoint","urlTemplate":"https:\/\/gaiastudioofficial.com\/?s={search_term_string}"},"query-input":{"@type":"PropertyValueSpecification","valueRequired":true,"valueName":"search_term_string"}}],"inLanguage":"en-US"},{"@type":"Organization","@id":"https:\/\/gaiastudioofficial.com\/#organization","name":"Gaia Studio","url":"https:\/\/gaiastudioofficial.com\/","logo":{"@type":"ImageObject","inLanguage":"en-US","@id":"https:\/\/gaiastudioofficial.com\/#\/schema\/logo\/image\/","url":"https:\/\/gaiastudioofficial.com\/wp-content\/uploads\/2024\/08\/2-1-e1762222663606.png","contentUrl":"https:\/\/gaiastudioofficial.com\/wp-content\/uploads\/2024\/08\/2-1-e1762222663606.png","width":563,"height":373,"caption":"Gaia Studio"},"image":{"@id":"https:\/\/gaiastudioofficial.com\/#\/schema\/logo\/image\/"}}]}},"_links":{"self":[{"href":"https:\/\/gaiastudioofficial.com\/en\/wp-json\/wp\/v2\/product\/7219","targetHints":{"allow":["GET"]}}],"collection":[{"href":"https:\/\/gaiastudioofficial.com\/en\/wp-json\/wp\/v2\/product"}],"about":[{"href":"https:\/\/gaiastudioofficial.com\/en\/wp-json\/wp\/v2\/types\/product"}],"replies":[{"embeddable":true,"href":"https:\/\/gaiastudioofficial.com\/en\/wp-json\/wp\/v2\/comments?post=7219"}],"wp:featuredmedia":[{"embeddable":true,"href":"https:\/\/gaiastudioofficial.com\/en\/wp-json\/wp\/v2\/media\/7028"}],"wp:attachment":[{"href":"https:\/\/gaiastudioofficial.com\/en\/wp-json\/wp\/v2\/media?parent=7219"}],"wp:term":[{"taxonomy":"product_brand","embeddable":true,"href":"https:\/\/gaiastudioofficial.com\/en\/wp-json\/wp\/v2\/product_brand?post=7219"},{"taxonomy":"product_cat","embeddable":true,"href":"https:\/\/gaiastudioofficial.com\/en\/wp-json\/wp\/v2\/product_cat?post=7219"},{"taxonomy":"product_tag","embeddable":true,"href":"https:\/\/gaiastudioofficial.com\/en\/wp-json\/wp\/v2\/product_tag?post=7219"}],"curies":[{"name":"wp","href":"https:\/\/api.w.org\/{rel}","templated":true}]}}