{"id":7109,"date":"2026-02-11T14:23:37","date_gmt":"2026-02-11T11:23:37","guid":{"rendered":"https:\/\/gaiastudioofficial.com\/?post_type=product&#038;p=7109"},"modified":"2026-02-17T20:53:09","modified_gmt":"2026-02-17T17:53:09","slug":"gaia-noir-jacket","status":"publish","type":"product","link":"https:\/\/gaiastudioofficial.com\/en\/product\/gaia-noir-jacket\/","title":{"rendered":"GAIA NOIR JACKET"},"content":{"rendered":"<p>Gaia Noir Jacket creates a strong silhouette with its structured shoulder shape and modern short cut. The deep black hue offers a timeless stance, while the minimal design makes a clear statement.<\/p>\n<p>It provides a sophisticated unity in a team.<br \/>\nOn its own, it is a powerful signature piece.<\/p>","protected":false},"excerpt":{"rendered":"<p>Gaia Noir Jacket creates a strong silhouette with its structured shoulder shape and modern short cut. The deep black hue offers a timeless stance, while the minimal design makes a clear statement. In a set, it provides a sophisticated unity. On its own, it is a powerful signature piece.<\/p>","protected":false},"featured_media":7111,"comment_status":"closed","ping_status":"closed","template":"","meta":[],"product_brand":[],"product_cat":[74],"product_tag":[],"class_list":{"0":"post-7109","1":"product","2":"type-product","3":"status-publish","4":"has-post-thumbnail","6":"product_cat-ust-giyim","8":"first","9":"instock","10":"shipping-taxable","11":"purchasable","12":"product-type-variable"},"yoast_head":"<!-- This site is optimized with the Yoast SEO plugin v26.3 - https:\/\/yoast.com\/wordpress\/plugins\/seo\/ -->\n<title>GAIA NO\u0130R JACKET - Gaia Studio<\/title>\n<meta name=\"robots\" content=\"index, follow, max-snippet:-1, max-image-preview:large, max-video-preview:-1\" \/>\n<link rel=\"canonical\" href=\"https:\/\/gaiastudioofficial.com\/en\/product\/gaia-noir-jacket\/\" \/>\n<meta property=\"og:locale\" content=\"en_US\" \/>\n<meta property=\"og:type\" content=\"article\" \/>\n<meta property=\"og:title\" content=\"GAIA NO\u0130R JACKET - Gaia Studio\" \/>\n<meta property=\"og:description\" content=\"Gaia Noir Jacket, yap\u0131land\u0131r\u0131lm\u0131\u015f omuz formu ve modern k\u0131sa kesimiyle g\u00fc\u00e7l\u00fc bir siluet yarat\u0131r. Derin siyah tonu zamans\u0131z bir duru\u015f sunarken, minimal tasar\u0131m\u0131yla iddias\u0131n\u0131 net bir \u015fekilde ortaya koyar. Tak\u0131m halinde sofistike bir b\u00fct\u00fcnl\u00fck sa\u011flar. Tek ba\u015f\u0131na ise g\u00fc\u00e7l\u00fc bir imza par\u00e7as\u0131d\u0131r.\" \/>\n<meta property=\"og:url\" content=\"https:\/\/gaiastudioofficial.com\/en\/product\/gaia-noir-jacket\/\" \/>\n<meta property=\"og:site_name\" content=\"Gaia Studio\" \/>\n<meta property=\"article:modified_time\" content=\"2026-02-17T17:53:09+00:00\" \/>\n<meta property=\"og:image\" content=\"https:\/\/gaiastudioofficial.com\/wp-content\/uploads\/2026\/02\/IMG_0064-1.jpeg\" \/>\n\t<meta property=\"og:image:width\" content=\"895\" \/>\n\t<meta property=\"og:image:height\" content=\"1342\" \/>\n\t<meta property=\"og:image:type\" content=\"image\/jpeg\" \/>\n<meta name=\"twitter:card\" content=\"summary_large_image\" \/>\n<script type=\"application\/ld+json\" class=\"yoast-schema-graph\">{\"@context\":\"https:\/\/schema.org\",\"@graph\":[{\"@type\":\"WebPage\",\"@id\":\"https:\/\/gaiastudioofficial.com\/en\/product\/gaia-noir-jacket\/\",\"url\":\"https:\/\/gaiastudioofficial.com\/en\/product\/gaia-noir-jacket\/\",\"name\":\"GAIA NO\u0130R JACKET - Gaia Studio\",\"isPartOf\":{\"@id\":\"https:\/\/gaiastudioofficial.com\/#website\"},\"primaryImageOfPage\":{\"@id\":\"https:\/\/gaiastudioofficial.com\/en\/product\/gaia-noir-jacket\/#primaryimage\"},\"image\":{\"@id\":\"https:\/\/gaiastudioofficial.com\/en\/product\/gaia-noir-jacket\/#primaryimage\"},\"thumbnailUrl\":\"https:\/\/gaiastudioofficial.com\/wp-content\/uploads\/2026\/02\/IMG_0064-1.jpeg\",\"datePublished\":\"2026-02-11T11:23:37+00:00\",\"dateModified\":\"2026-02-17T17:53:09+00:00\",\"breadcrumb\":{\"@id\":\"https:\/\/gaiastudioofficial.com\/en\/product\/gaia-noir-jacket\/#breadcrumb\"},\"inLanguage\":\"en-US\",\"potentialAction\":[{\"@type\":\"ReadAction\",\"target\":[\"https:\/\/gaiastudioofficial.com\/en\/product\/gaia-noir-jacket\/\"]}]},{\"@type\":\"ImageObject\",\"inLanguage\":\"en-US\",\"@id\":\"https:\/\/gaiastudioofficial.com\/en\/product\/gaia-noir-jacket\/#primaryimage\",\"url\":\"https:\/\/gaiastudioofficial.com\/wp-content\/uploads\/2026\/02\/IMG_0064-1.jpeg\",\"contentUrl\":\"https:\/\/gaiastudioofficial.com\/wp-content\/uploads\/2026\/02\/IMG_0064-1.jpeg\",\"width\":895,\"height\":1342},{\"@type\":\"BreadcrumbList\",\"@id\":\"https:\/\/gaiastudioofficial.com\/en\/product\/gaia-noir-jacket\/#breadcrumb\",\"itemListElement\":[{\"@type\":\"ListItem\",\"position\":1,\"name\":\"Anasayfa\",\"item\":\"https:\/\/gaiastudioofficial.com\/\"},{\"@type\":\"ListItem\",\"position\":2,\"name\":\"\u00dcr\u00fcnler\",\"item\":\"https:\/\/gaiastudioofficial.com\/shop\/\"},{\"@type\":\"ListItem\",\"position\":3,\"name\":\"GAIA NO\u0130R JACKET\"}]},{\"@type\":\"WebSite\",\"@id\":\"https:\/\/gaiastudioofficial.com\/#website\",\"url\":\"https:\/\/gaiastudioofficial.com\/\",\"name\":\"Gaia Studio\",\"description\":\"\",\"publisher\":{\"@id\":\"https:\/\/gaiastudioofficial.com\/#organization\"},\"potentialAction\":[{\"@type\":\"SearchAction\",\"target\":{\"@type\":\"EntryPoint\",\"urlTemplate\":\"https:\/\/gaiastudioofficial.com\/?s={search_term_string}\"},\"query-input\":{\"@type\":\"PropertyValueSpecification\",\"valueRequired\":true,\"valueName\":\"search_term_string\"}}],\"inLanguage\":\"en-US\"},{\"@type\":\"Organization\",\"@id\":\"https:\/\/gaiastudioofficial.com\/#organization\",\"name\":\"Gaia Studio\",\"url\":\"https:\/\/gaiastudioofficial.com\/\",\"logo\":{\"@type\":\"ImageObject\",\"inLanguage\":\"en-US\",\"@id\":\"https:\/\/gaiastudioofficial.com\/#\/schema\/logo\/image\/\",\"url\":\"https:\/\/gaiastudioofficial.com\/wp-content\/uploads\/2024\/08\/2-1-e1762222663606.png\",\"contentUrl\":\"https:\/\/gaiastudioofficial.com\/wp-content\/uploads\/2024\/08\/2-1-e1762222663606.png\",\"width\":563,\"height\":373,\"caption\":\"Gaia Studio\"},\"image\":{\"@id\":\"https:\/\/gaiastudioofficial.com\/#\/schema\/logo\/image\/\"}}]}<\/script>\n<!-- \/ Yoast SEO plugin. -->","yoast_head_json":{"title":"GAIA NO\u0130R JACKET - Gaia Studio","robots":{"index":"index","follow":"follow","max-snippet":"max-snippet:-1","max-image-preview":"max-image-preview:large","max-video-preview":"max-video-preview:-1"},"canonical":"https:\/\/gaiastudioofficial.com\/en\/product\/gaia-noir-jacket\/","og_locale":"en_US","og_type":"article","og_title":"GAIA NO\u0130R JACKET - Gaia Studio","og_description":"Gaia Noir Jacket, yap\u0131land\u0131r\u0131lm\u0131\u015f omuz formu ve modern k\u0131sa kesimiyle g\u00fc\u00e7l\u00fc bir siluet yarat\u0131r. Derin siyah tonu zamans\u0131z bir duru\u015f sunarken, minimal tasar\u0131m\u0131yla iddias\u0131n\u0131 net bir \u015fekilde ortaya koyar. Tak\u0131m halinde sofistike bir b\u00fct\u00fcnl\u00fck sa\u011flar. Tek ba\u015f\u0131na ise g\u00fc\u00e7l\u00fc bir imza par\u00e7as\u0131d\u0131r.","og_url":"https:\/\/gaiastudioofficial.com\/en\/product\/gaia-noir-jacket\/","og_site_name":"Gaia Studio","article_modified_time":"2026-02-17T17:53:09+00:00","og_image":[{"width":895,"height":1342,"url":"https:\/\/gaiastudioofficial.com\/wp-content\/uploads\/2026\/02\/IMG_0064-1.jpeg","type":"image\/jpeg"}],"twitter_card":"summary_large_image","schema":{"@context":"https:\/\/schema.org","@graph":[{"@type":"WebPage","@id":"https:\/\/gaiastudioofficial.com\/en\/product\/gaia-noir-jacket\/","url":"https:\/\/gaiastudioofficial.com\/en\/product\/gaia-noir-jacket\/","name":"GAIA NO\u0130R JACKET - Gaia Studio","isPartOf":{"@id":"https:\/\/gaiastudioofficial.com\/#website"},"primaryImageOfPage":{"@id":"https:\/\/gaiastudioofficial.com\/en\/product\/gaia-noir-jacket\/#primaryimage"},"image":{"@id":"https:\/\/gaiastudioofficial.com\/en\/product\/gaia-noir-jacket\/#primaryimage"},"thumbnailUrl":"https:\/\/gaiastudioofficial.com\/wp-content\/uploads\/2026\/02\/IMG_0064-1.jpeg","datePublished":"2026-02-11T11:23:37+00:00","dateModified":"2026-02-17T17:53:09+00:00","breadcrumb":{"@id":"https:\/\/gaiastudioofficial.com\/en\/product\/gaia-noir-jacket\/#breadcrumb"},"inLanguage":"en-US","potentialAction":[{"@type":"ReadAction","target":["https:\/\/gaiastudioofficial.com\/en\/product\/gaia-noir-jacket\/"]}]},{"@type":"ImageObject","inLanguage":"en-US","@id":"https:\/\/gaiastudioofficial.com\/en\/product\/gaia-noir-jacket\/#primaryimage","url":"https:\/\/gaiastudioofficial.com\/wp-content\/uploads\/2026\/02\/IMG_0064-1.jpeg","contentUrl":"https:\/\/gaiastudioofficial.com\/wp-content\/uploads\/2026\/02\/IMG_0064-1.jpeg","width":895,"height":1342},{"@type":"BreadcrumbList","@id":"https:\/\/gaiastudioofficial.com\/en\/product\/gaia-noir-jacket\/#breadcrumb","itemListElement":[{"@type":"ListItem","position":1,"name":"Anasayfa","item":"https:\/\/gaiastudioofficial.com\/"},{"@type":"ListItem","position":2,"name":"\u00dcr\u00fcnler","item":"https:\/\/gaiastudioofficial.com\/shop\/"},{"@type":"ListItem","position":3,"name":"GAIA NO\u0130R JACKET"}]},{"@type":"WebSite","@id":"https:\/\/gaiastudioofficial.com\/#website","url":"https:\/\/gaiastudioofficial.com\/","name":"Gaia Studio","description":"","publisher":{"@id":"https:\/\/gaiastudioofficial.com\/#organization"},"potentialAction":[{"@type":"SearchAction","target":{"@type":"EntryPoint","urlTemplate":"https:\/\/gaiastudioofficial.com\/?s={search_term_string}"},"query-input":{"@type":"PropertyValueSpecification","valueRequired":true,"valueName":"search_term_string"}}],"inLanguage":"en-US"},{"@type":"Organization","@id":"https:\/\/gaiastudioofficial.com\/#organization","name":"Gaia Studio","url":"https:\/\/gaiastudioofficial.com\/","logo":{"@type":"ImageObject","inLanguage":"en-US","@id":"https:\/\/gaiastudioofficial.com\/#\/schema\/logo\/image\/","url":"https:\/\/gaiastudioofficial.com\/wp-content\/uploads\/2024\/08\/2-1-e1762222663606.png","contentUrl":"https:\/\/gaiastudioofficial.com\/wp-content\/uploads\/2024\/08\/2-1-e1762222663606.png","width":563,"height":373,"caption":"Gaia Studio"},"image":{"@id":"https:\/\/gaiastudioofficial.com\/#\/schema\/logo\/image\/"}}]}},"_links":{"self":[{"href":"https:\/\/gaiastudioofficial.com\/en\/wp-json\/wp\/v2\/product\/7109","targetHints":{"allow":["GET"]}}],"collection":[{"href":"https:\/\/gaiastudioofficial.com\/en\/wp-json\/wp\/v2\/product"}],"about":[{"href":"https:\/\/gaiastudioofficial.com\/en\/wp-json\/wp\/v2\/types\/product"}],"replies":[{"embeddable":true,"href":"https:\/\/gaiastudioofficial.com\/en\/wp-json\/wp\/v2\/comments?post=7109"}],"wp:featuredmedia":[{"embeddable":true,"href":"https:\/\/gaiastudioofficial.com\/en\/wp-json\/wp\/v2\/media\/7111"}],"wp:attachment":[{"href":"https:\/\/gaiastudioofficial.com\/en\/wp-json\/wp\/v2\/media?parent=7109"}],"wp:term":[{"taxonomy":"product_brand","embeddable":true,"href":"https:\/\/gaiastudioofficial.com\/en\/wp-json\/wp\/v2\/product_brand?post=7109"},{"taxonomy":"product_cat","embeddable":true,"href":"https:\/\/gaiastudioofficial.com\/en\/wp-json\/wp\/v2\/product_cat?post=7109"},{"taxonomy":"product_tag","embeddable":true,"href":"https:\/\/gaiastudioofficial.com\/en\/wp-json\/wp\/v2\/product_tag?post=7109"}],"curies":[{"name":"wp","href":"https:\/\/api.w.org\/{rel}","templated":true}]}}