{"id":7093,"date":"2026-02-11T14:09:06","date_gmt":"2026-02-11T11:09:06","guid":{"rendered":"https:\/\/gaiastudioofficial.com\/?post_type=product&#038;p=7093"},"modified":"2026-02-17T20:57:19","modified_gmt":"2026-02-17T17:57:19","slug":"gaia-rib-tank","status":"publish","type":"product","link":"https:\/\/gaiastudioofficial.com\/en\/product\/gaia-rib-tank\/","title":{"rendered":"GAIA RIB TANK"},"content":{"rendered":"<p>The Gaia Rib Tank is the strongest staple for everyday style with its softly fitted rib texture and simple cut. The minimal Gaia Studio logo on the chest offers a modern signature detail.<\/p>\n<p>It creates a simple elegance on its own, gives a strong look under a blazer, and adapts to the night when combined with a sequined skirt.<\/p>","protected":false},"excerpt":{"rendered":"<p>The Gaia Rib Tank is the strongest staple for everyday style with its softly fitted rib texture and simple cut. The minimal Gaia Studio logo on the chest offers a modern signature detail. It creates a simple elegance on its own, gives a strong look under a blazer, and adapts to the night when combined with a sequined skirt.<\/p>","protected":false},"featured_media":7094,"comment_status":"closed","ping_status":"closed","template":"","meta":[],"product_brand":[],"product_cat":[15],"product_tag":[],"class_list":{"0":"post-7093","1":"product","2":"type-product","3":"status-publish","4":"has-post-thumbnail","6":"product_cat-uncategorized","8":"first","9":"instock","10":"shipping-taxable","11":"purchasable","12":"product-type-variable"},"yoast_head":"<!-- This site is optimized with the Yoast SEO plugin v26.3 - https:\/\/yoast.com\/wordpress\/plugins\/seo\/ -->\n<title>GAIA RIB TANK - Gaia Studio<\/title>\n<meta name=\"robots\" content=\"index, follow, max-snippet:-1, max-image-preview:large, max-video-preview:-1\" \/>\n<link rel=\"canonical\" href=\"https:\/\/gaiastudioofficial.com\/en\/product\/gaia-rib-tank\/\" \/>\n<meta property=\"og:locale\" content=\"en_US\" \/>\n<meta property=\"og:type\" content=\"article\" \/>\n<meta property=\"og:title\" content=\"GAIA RIB TANK - Gaia Studio\" \/>\n<meta property=\"og:description\" content=\"Gaia Rib Tank, v\u00fccuda yumu\u015fak\u00e7a oturan rib dokusu ve sade kesimiyle g\u00fcnl\u00fck stilin en g\u00fc\u00e7l\u00fc temel par\u00e7as\u0131. G\u00f6\u011f\u00fcs \u00fczerindeki minimal Gaia Studio logosu modern bir imza detay\u0131 sunar. Tek ba\u015f\u0131na sade bir \u015f\u0131kl\u0131k yarat\u0131r, blazer alt\u0131na g\u00fc\u00e7l\u00fc bir g\u00f6r\u00fcn\u00fcm kazand\u0131r\u0131r, payetli etekle kombinlendi\u011finde geceye adapte olur.\" \/>\n<meta property=\"og:url\" content=\"https:\/\/gaiastudioofficial.com\/en\/product\/gaia-rib-tank\/\" \/>\n<meta property=\"og:site_name\" content=\"Gaia Studio\" \/>\n<meta property=\"article:modified_time\" content=\"2026-02-17T17:57:19+00:00\" \/>\n<meta property=\"og:image\" content=\"https:\/\/gaiastudioofficial.com\/wp-content\/uploads\/2026\/02\/IMG_0106-1.jpeg\" \/>\n\t<meta property=\"og:image:width\" content=\"895\" \/>\n\t<meta property=\"og:image:height\" content=\"1342\" \/>\n\t<meta property=\"og:image:type\" content=\"image\/jpeg\" \/>\n<meta name=\"twitter:card\" content=\"summary_large_image\" \/>\n<script type=\"application\/ld+json\" class=\"yoast-schema-graph\">{\"@context\":\"https:\/\/schema.org\",\"@graph\":[{\"@type\":\"WebPage\",\"@id\":\"https:\/\/gaiastudioofficial.com\/urun\/gaia-rib-tank\/\",\"url\":\"https:\/\/gaiastudioofficial.com\/urun\/gaia-rib-tank\/\",\"name\":\"GAIA RIB TANK - Gaia Studio\",\"isPartOf\":{\"@id\":\"https:\/\/gaiastudioofficial.com\/#website\"},\"primaryImageOfPage\":{\"@id\":\"https:\/\/gaiastudioofficial.com\/urun\/gaia-rib-tank\/#primaryimage\"},\"image\":{\"@id\":\"https:\/\/gaiastudioofficial.com\/urun\/gaia-rib-tank\/#primaryimage\"},\"thumbnailUrl\":\"https:\/\/gaiastudioofficial.com\/wp-content\/uploads\/2026\/02\/IMG_0106-1.jpeg\",\"datePublished\":\"2026-02-11T11:09:06+00:00\",\"dateModified\":\"2026-02-17T17:57:19+00:00\",\"breadcrumb\":{\"@id\":\"https:\/\/gaiastudioofficial.com\/urun\/gaia-rib-tank\/#breadcrumb\"},\"inLanguage\":\"en-US\",\"potentialAction\":[{\"@type\":\"ReadAction\",\"target\":[\"https:\/\/gaiastudioofficial.com\/urun\/gaia-rib-tank\/\"]}]},{\"@type\":\"ImageObject\",\"inLanguage\":\"en-US\",\"@id\":\"https:\/\/gaiastudioofficial.com\/urun\/gaia-rib-tank\/#primaryimage\",\"url\":\"https:\/\/gaiastudioofficial.com\/wp-content\/uploads\/2026\/02\/IMG_0106-1.jpeg\",\"contentUrl\":\"https:\/\/gaiastudioofficial.com\/wp-content\/uploads\/2026\/02\/IMG_0106-1.jpeg\",\"width\":895,\"height\":1342},{\"@type\":\"BreadcrumbList\",\"@id\":\"https:\/\/gaiastudioofficial.com\/urun\/gaia-rib-tank\/#breadcrumb\",\"itemListElement\":[{\"@type\":\"ListItem\",\"position\":1,\"name\":\"Anasayfa\",\"item\":\"https:\/\/gaiastudioofficial.com\/\"},{\"@type\":\"ListItem\",\"position\":2,\"name\":\"\u00dcr\u00fcnler\",\"item\":\"https:\/\/gaiastudioofficial.com\/shop\/\"},{\"@type\":\"ListItem\",\"position\":3,\"name\":\"GAIA RIB TANK\"}]},{\"@type\":\"WebSite\",\"@id\":\"https:\/\/gaiastudioofficial.com\/#website\",\"url\":\"https:\/\/gaiastudioofficial.com\/\",\"name\":\"Gaia Studio\",\"description\":\"\",\"publisher\":{\"@id\":\"https:\/\/gaiastudioofficial.com\/#organization\"},\"potentialAction\":[{\"@type\":\"SearchAction\",\"target\":{\"@type\":\"EntryPoint\",\"urlTemplate\":\"https:\/\/gaiastudioofficial.com\/?s={search_term_string}\"},\"query-input\":{\"@type\":\"PropertyValueSpecification\",\"valueRequired\":true,\"valueName\":\"search_term_string\"}}],\"inLanguage\":\"en-US\"},{\"@type\":\"Organization\",\"@id\":\"https:\/\/gaiastudioofficial.com\/#organization\",\"name\":\"Gaia Studio\",\"url\":\"https:\/\/gaiastudioofficial.com\/\",\"logo\":{\"@type\":\"ImageObject\",\"inLanguage\":\"en-US\",\"@id\":\"https:\/\/gaiastudioofficial.com\/#\/schema\/logo\/image\/\",\"url\":\"https:\/\/gaiastudioofficial.com\/wp-content\/uploads\/2024\/08\/2-1-e1762222663606.png\",\"contentUrl\":\"https:\/\/gaiastudioofficial.com\/wp-content\/uploads\/2024\/08\/2-1-e1762222663606.png\",\"width\":563,\"height\":373,\"caption\":\"Gaia Studio\"},\"image\":{\"@id\":\"https:\/\/gaiastudioofficial.com\/#\/schema\/logo\/image\/\"}}]}<\/script>\n<!-- \/ Yoast SEO plugin. -->","yoast_head_json":{"title":"GAIA RIB TANK - Gaia Studio","robots":{"index":"index","follow":"follow","max-snippet":"max-snippet:-1","max-image-preview":"max-image-preview:large","max-video-preview":"max-video-preview:-1"},"canonical":"https:\/\/gaiastudioofficial.com\/en\/product\/gaia-rib-tank\/","og_locale":"en_US","og_type":"article","og_title":"GAIA RIB TANK - Gaia Studio","og_description":"Gaia Rib Tank, v\u00fccuda yumu\u015fak\u00e7a oturan rib dokusu ve sade kesimiyle g\u00fcnl\u00fck stilin en g\u00fc\u00e7l\u00fc temel par\u00e7as\u0131. G\u00f6\u011f\u00fcs \u00fczerindeki minimal Gaia Studio logosu modern bir imza detay\u0131 sunar. Tek ba\u015f\u0131na sade bir \u015f\u0131kl\u0131k yarat\u0131r, blazer alt\u0131na g\u00fc\u00e7l\u00fc bir g\u00f6r\u00fcn\u00fcm kazand\u0131r\u0131r, payetli etekle kombinlendi\u011finde geceye adapte olur.","og_url":"https:\/\/gaiastudioofficial.com\/en\/product\/gaia-rib-tank\/","og_site_name":"Gaia Studio","article_modified_time":"2026-02-17T17:57:19+00:00","og_image":[{"width":895,"height":1342,"url":"https:\/\/gaiastudioofficial.com\/wp-content\/uploads\/2026\/02\/IMG_0106-1.jpeg","type":"image\/jpeg"}],"twitter_card":"summary_large_image","schema":{"@context":"https:\/\/schema.org","@graph":[{"@type":"WebPage","@id":"https:\/\/gaiastudioofficial.com\/urun\/gaia-rib-tank\/","url":"https:\/\/gaiastudioofficial.com\/urun\/gaia-rib-tank\/","name":"GAIA RIB TANK - Gaia Studio","isPartOf":{"@id":"https:\/\/gaiastudioofficial.com\/#website"},"primaryImageOfPage":{"@id":"https:\/\/gaiastudioofficial.com\/urun\/gaia-rib-tank\/#primaryimage"},"image":{"@id":"https:\/\/gaiastudioofficial.com\/urun\/gaia-rib-tank\/#primaryimage"},"thumbnailUrl":"https:\/\/gaiastudioofficial.com\/wp-content\/uploads\/2026\/02\/IMG_0106-1.jpeg","datePublished":"2026-02-11T11:09:06+00:00","dateModified":"2026-02-17T17:57:19+00:00","breadcrumb":{"@id":"https:\/\/gaiastudioofficial.com\/urun\/gaia-rib-tank\/#breadcrumb"},"inLanguage":"en-US","potentialAction":[{"@type":"ReadAction","target":["https:\/\/gaiastudioofficial.com\/urun\/gaia-rib-tank\/"]}]},{"@type":"ImageObject","inLanguage":"en-US","@id":"https:\/\/gaiastudioofficial.com\/urun\/gaia-rib-tank\/#primaryimage","url":"https:\/\/gaiastudioofficial.com\/wp-content\/uploads\/2026\/02\/IMG_0106-1.jpeg","contentUrl":"https:\/\/gaiastudioofficial.com\/wp-content\/uploads\/2026\/02\/IMG_0106-1.jpeg","width":895,"height":1342},{"@type":"BreadcrumbList","@id":"https:\/\/gaiastudioofficial.com\/urun\/gaia-rib-tank\/#breadcrumb","itemListElement":[{"@type":"ListItem","position":1,"name":"Anasayfa","item":"https:\/\/gaiastudioofficial.com\/"},{"@type":"ListItem","position":2,"name":"\u00dcr\u00fcnler","item":"https:\/\/gaiastudioofficial.com\/shop\/"},{"@type":"ListItem","position":3,"name":"GAIA RIB TANK"}]},{"@type":"WebSite","@id":"https:\/\/gaiastudioofficial.com\/#website","url":"https:\/\/gaiastudioofficial.com\/","name":"Gaia Studio","description":"","publisher":{"@id":"https:\/\/gaiastudioofficial.com\/#organization"},"potentialAction":[{"@type":"SearchAction","target":{"@type":"EntryPoint","urlTemplate":"https:\/\/gaiastudioofficial.com\/?s={search_term_string}"},"query-input":{"@type":"PropertyValueSpecification","valueRequired":true,"valueName":"search_term_string"}}],"inLanguage":"en-US"},{"@type":"Organization","@id":"https:\/\/gaiastudioofficial.com\/#organization","name":"Gaia Studio","url":"https:\/\/gaiastudioofficial.com\/","logo":{"@type":"ImageObject","inLanguage":"en-US","@id":"https:\/\/gaiastudioofficial.com\/#\/schema\/logo\/image\/","url":"https:\/\/gaiastudioofficial.com\/wp-content\/uploads\/2024\/08\/2-1-e1762222663606.png","contentUrl":"https:\/\/gaiastudioofficial.com\/wp-content\/uploads\/2024\/08\/2-1-e1762222663606.png","width":563,"height":373,"caption":"Gaia Studio"},"image":{"@id":"https:\/\/gaiastudioofficial.com\/#\/schema\/logo\/image\/"}}]}},"_links":{"self":[{"href":"https:\/\/gaiastudioofficial.com\/en\/wp-json\/wp\/v2\/product\/7093","targetHints":{"allow":["GET"]}}],"collection":[{"href":"https:\/\/gaiastudioofficial.com\/en\/wp-json\/wp\/v2\/product"}],"about":[{"href":"https:\/\/gaiastudioofficial.com\/en\/wp-json\/wp\/v2\/types\/product"}],"replies":[{"embeddable":true,"href":"https:\/\/gaiastudioofficial.com\/en\/wp-json\/wp\/v2\/comments?post=7093"}],"wp:featuredmedia":[{"embeddable":true,"href":"https:\/\/gaiastudioofficial.com\/en\/wp-json\/wp\/v2\/media\/7094"}],"wp:attachment":[{"href":"https:\/\/gaiastudioofficial.com\/en\/wp-json\/wp\/v2\/media?parent=7093"}],"wp:term":[{"taxonomy":"product_brand","embeddable":true,"href":"https:\/\/gaiastudioofficial.com\/en\/wp-json\/wp\/v2\/product_brand?post=7093"},{"taxonomy":"product_cat","embeddable":true,"href":"https:\/\/gaiastudioofficial.com\/en\/wp-json\/wp\/v2\/product_cat?post=7093"},{"taxonomy":"product_tag","embeddable":true,"href":"https:\/\/gaiastudioofficial.com\/en\/wp-json\/wp\/v2\/product_tag?post=7093"}],"curies":[{"name":"wp","href":"https:\/\/api.w.org\/{rel}","templated":true}]}}