{"id":6936,"date":"2026-02-11T13:57:54","date_gmt":"2026-02-11T10:57:54","guid":{"rendered":"https:\/\/gaiastudioofficial.com\/?post_type=product&#038;p=6936"},"modified":"2026-02-17T21:17:03","modified_gmt":"2026-02-17T18:17:03","slug":"panther-mini-dress","status":"publish","type":"product","link":"https:\/\/gaiastudioofficial.com\/en\/product\/panther-mini-dress\/","title":{"rendered":"PANTHER MINI DRESS"},"content":{"rendered":"<p>Panther Mini Dress creates a strong silhouette with its form-fitting shape and timeless leopard print. The high neckline provides a modern stance, while the mini length cut emphasizes feminine energy.<\/p>\n<p>Designed for women who want to stand out from evening events to special evenings.<\/p>","protected":false},"excerpt":{"rendered":"<p>Panther Mini Dress creates a strong silhouette with its form-fitting shape and timeless leopard print. The high neckline provides a modern stance, while the mini length cut emphasizes feminine energy. Designed for women who want to stand out from evening events to special evenings.<\/p>","protected":false},"featured_media":6938,"comment_status":"closed","ping_status":"closed","template":"","meta":[],"product_brand":[],"product_cat":[76,72],"product_tag":[],"class_list":{"0":"post-6936","1":"product","2":"type-product","3":"status-publish","4":"has-post-thumbnail","6":"product_cat-elbise","7":"product_cat-kis-kreasyonu","9":"first","10":"instock","11":"shipping-taxable","12":"purchasable","13":"product-type-variable"},"yoast_head":"<!-- This site is optimized with the Yoast SEO plugin v26.3 - https:\/\/yoast.com\/wordpress\/plugins\/seo\/ -->\n<title>PANTHER M\u0130N\u0130 DRESS - Gaia Studio<\/title>\n<meta name=\"robots\" content=\"index, follow, max-snippet:-1, max-image-preview:large, max-video-preview:-1\" \/>\n<link rel=\"canonical\" href=\"https:\/\/gaiastudioofficial.com\/en\/product\/panther-mini-dress\/\" \/>\n<meta property=\"og:locale\" content=\"en_US\" \/>\n<meta property=\"og:type\" content=\"article\" \/>\n<meta property=\"og:title\" content=\"PANTHER M\u0130N\u0130 DRESS - Gaia Studio\" \/>\n<meta property=\"og:description\" content=\"Panther Mini Dress, v\u00fccuda oturan formu ve zamans\u0131z leopar deseniyle g\u00fc\u00e7l\u00fc bir siluet yarat\u0131r. Y\u00fcksek yaka detay\u0131 modern bir duru\u015f sa\u011flarken, mini boy kesimi feminen enerjiyi \u00f6n plana \u00e7\u0131kar\u0131r. Gece davetlerinden \u00f6zel ak\u015famlara kadar dikkat \u00e7ekmek isteyen kad\u0131nlar i\u00e7in tasarland\u0131.\" \/>\n<meta property=\"og:url\" content=\"https:\/\/gaiastudioofficial.com\/en\/product\/panther-mini-dress\/\" \/>\n<meta property=\"og:site_name\" content=\"Gaia Studio\" \/>\n<meta property=\"article:modified_time\" content=\"2026-02-17T18:17:03+00:00\" \/>\n<meta property=\"og:image\" content=\"https:\/\/gaiastudioofficial.com\/wp-content\/uploads\/2026\/02\/IMG_0117.jpeg\" \/>\n\t<meta property=\"og:image:width\" content=\"895\" \/>\n\t<meta property=\"og:image:height\" content=\"1342\" \/>\n\t<meta property=\"og:image:type\" content=\"image\/jpeg\" \/>\n<meta name=\"twitter:card\" content=\"summary_large_image\" \/>\n<script type=\"application\/ld+json\" class=\"yoast-schema-graph\">{\"@context\":\"https:\/\/schema.org\",\"@graph\":[{\"@type\":\"WebPage\",\"@id\":\"https:\/\/gaiastudioofficial.com\/urun\/panther-mini-dress\/\",\"url\":\"https:\/\/gaiastudioofficial.com\/urun\/panther-mini-dress\/\",\"name\":\"PANTHER M\u0130N\u0130 DRESS - Gaia Studio\",\"isPartOf\":{\"@id\":\"https:\/\/gaiastudioofficial.com\/#website\"},\"primaryImageOfPage\":{\"@id\":\"https:\/\/gaiastudioofficial.com\/urun\/panther-mini-dress\/#primaryimage\"},\"image\":{\"@id\":\"https:\/\/gaiastudioofficial.com\/urun\/panther-mini-dress\/#primaryimage\"},\"thumbnailUrl\":\"https:\/\/gaiastudioofficial.com\/wp-content\/uploads\/2026\/02\/IMG_0117.jpeg\",\"datePublished\":\"2026-02-11T10:57:54+00:00\",\"dateModified\":\"2026-02-17T18:17:03+00:00\",\"breadcrumb\":{\"@id\":\"https:\/\/gaiastudioofficial.com\/urun\/panther-mini-dress\/#breadcrumb\"},\"inLanguage\":\"en-US\",\"potentialAction\":[{\"@type\":\"ReadAction\",\"target\":[\"https:\/\/gaiastudioofficial.com\/urun\/panther-mini-dress\/\"]}]},{\"@type\":\"ImageObject\",\"inLanguage\":\"en-US\",\"@id\":\"https:\/\/gaiastudioofficial.com\/urun\/panther-mini-dress\/#primaryimage\",\"url\":\"https:\/\/gaiastudioofficial.com\/wp-content\/uploads\/2026\/02\/IMG_0117.jpeg\",\"contentUrl\":\"https:\/\/gaiastudioofficial.com\/wp-content\/uploads\/2026\/02\/IMG_0117.jpeg\",\"width\":895,\"height\":1342},{\"@type\":\"BreadcrumbList\",\"@id\":\"https:\/\/gaiastudioofficial.com\/urun\/panther-mini-dress\/#breadcrumb\",\"itemListElement\":[{\"@type\":\"ListItem\",\"position\":1,\"name\":\"Anasayfa\",\"item\":\"https:\/\/gaiastudioofficial.com\/\"},{\"@type\":\"ListItem\",\"position\":2,\"name\":\"\u00dcr\u00fcnler\",\"item\":\"https:\/\/gaiastudioofficial.com\/shop\/\"},{\"@type\":\"ListItem\",\"position\":3,\"name\":\"PANTHER M\u0130N\u0130 DRESS\"}]},{\"@type\":\"WebSite\",\"@id\":\"https:\/\/gaiastudioofficial.com\/#website\",\"url\":\"https:\/\/gaiastudioofficial.com\/\",\"name\":\"Gaia Studio\",\"description\":\"\",\"publisher\":{\"@id\":\"https:\/\/gaiastudioofficial.com\/#organization\"},\"potentialAction\":[{\"@type\":\"SearchAction\",\"target\":{\"@type\":\"EntryPoint\",\"urlTemplate\":\"https:\/\/gaiastudioofficial.com\/?s={search_term_string}\"},\"query-input\":{\"@type\":\"PropertyValueSpecification\",\"valueRequired\":true,\"valueName\":\"search_term_string\"}}],\"inLanguage\":\"en-US\"},{\"@type\":\"Organization\",\"@id\":\"https:\/\/gaiastudioofficial.com\/#organization\",\"name\":\"Gaia Studio\",\"url\":\"https:\/\/gaiastudioofficial.com\/\",\"logo\":{\"@type\":\"ImageObject\",\"inLanguage\":\"en-US\",\"@id\":\"https:\/\/gaiastudioofficial.com\/#\/schema\/logo\/image\/\",\"url\":\"https:\/\/gaiastudioofficial.com\/wp-content\/uploads\/2024\/08\/2-1-e1762222663606.png\",\"contentUrl\":\"https:\/\/gaiastudioofficial.com\/wp-content\/uploads\/2024\/08\/2-1-e1762222663606.png\",\"width\":563,\"height\":373,\"caption\":\"Gaia Studio\"},\"image\":{\"@id\":\"https:\/\/gaiastudioofficial.com\/#\/schema\/logo\/image\/\"}}]}<\/script>\n<!-- \/ Yoast SEO plugin. -->","yoast_head_json":{"title":"PANTHER M\u0130N\u0130 DRESS - Gaia Studio","robots":{"index":"index","follow":"follow","max-snippet":"max-snippet:-1","max-image-preview":"max-image-preview:large","max-video-preview":"max-video-preview:-1"},"canonical":"https:\/\/gaiastudioofficial.com\/en\/product\/panther-mini-dress\/","og_locale":"en_US","og_type":"article","og_title":"PANTHER M\u0130N\u0130 DRESS - Gaia Studio","og_description":"Panther Mini Dress, v\u00fccuda oturan formu ve zamans\u0131z leopar deseniyle g\u00fc\u00e7l\u00fc bir siluet yarat\u0131r. Y\u00fcksek yaka detay\u0131 modern bir duru\u015f sa\u011flarken, mini boy kesimi feminen enerjiyi \u00f6n plana \u00e7\u0131kar\u0131r. Gece davetlerinden \u00f6zel ak\u015famlara kadar dikkat \u00e7ekmek isteyen kad\u0131nlar i\u00e7in tasarland\u0131.","og_url":"https:\/\/gaiastudioofficial.com\/en\/product\/panther-mini-dress\/","og_site_name":"Gaia Studio","article_modified_time":"2026-02-17T18:17:03+00:00","og_image":[{"width":895,"height":1342,"url":"https:\/\/gaiastudioofficial.com\/wp-content\/uploads\/2026\/02\/IMG_0117.jpeg","type":"image\/jpeg"}],"twitter_card":"summary_large_image","schema":{"@context":"https:\/\/schema.org","@graph":[{"@type":"WebPage","@id":"https:\/\/gaiastudioofficial.com\/urun\/panther-mini-dress\/","url":"https:\/\/gaiastudioofficial.com\/urun\/panther-mini-dress\/","name":"PANTHER M\u0130N\u0130 DRESS - Gaia Studio","isPartOf":{"@id":"https:\/\/gaiastudioofficial.com\/#website"},"primaryImageOfPage":{"@id":"https:\/\/gaiastudioofficial.com\/urun\/panther-mini-dress\/#primaryimage"},"image":{"@id":"https:\/\/gaiastudioofficial.com\/urun\/panther-mini-dress\/#primaryimage"},"thumbnailUrl":"https:\/\/gaiastudioofficial.com\/wp-content\/uploads\/2026\/02\/IMG_0117.jpeg","datePublished":"2026-02-11T10:57:54+00:00","dateModified":"2026-02-17T18:17:03+00:00","breadcrumb":{"@id":"https:\/\/gaiastudioofficial.com\/urun\/panther-mini-dress\/#breadcrumb"},"inLanguage":"en-US","potentialAction":[{"@type":"ReadAction","target":["https:\/\/gaiastudioofficial.com\/urun\/panther-mini-dress\/"]}]},{"@type":"ImageObject","inLanguage":"en-US","@id":"https:\/\/gaiastudioofficial.com\/urun\/panther-mini-dress\/#primaryimage","url":"https:\/\/gaiastudioofficial.com\/wp-content\/uploads\/2026\/02\/IMG_0117.jpeg","contentUrl":"https:\/\/gaiastudioofficial.com\/wp-content\/uploads\/2026\/02\/IMG_0117.jpeg","width":895,"height":1342},{"@type":"BreadcrumbList","@id":"https:\/\/gaiastudioofficial.com\/urun\/panther-mini-dress\/#breadcrumb","itemListElement":[{"@type":"ListItem","position":1,"name":"Anasayfa","item":"https:\/\/gaiastudioofficial.com\/"},{"@type":"ListItem","position":2,"name":"\u00dcr\u00fcnler","item":"https:\/\/gaiastudioofficial.com\/shop\/"},{"@type":"ListItem","position":3,"name":"PANTHER M\u0130N\u0130 DRESS"}]},{"@type":"WebSite","@id":"https:\/\/gaiastudioofficial.com\/#website","url":"https:\/\/gaiastudioofficial.com\/","name":"Gaia Studio","description":"","publisher":{"@id":"https:\/\/gaiastudioofficial.com\/#organization"},"potentialAction":[{"@type":"SearchAction","target":{"@type":"EntryPoint","urlTemplate":"https:\/\/gaiastudioofficial.com\/?s={search_term_string}"},"query-input":{"@type":"PropertyValueSpecification","valueRequired":true,"valueName":"search_term_string"}}],"inLanguage":"en-US"},{"@type":"Organization","@id":"https:\/\/gaiastudioofficial.com\/#organization","name":"Gaia Studio","url":"https:\/\/gaiastudioofficial.com\/","logo":{"@type":"ImageObject","inLanguage":"en-US","@id":"https:\/\/gaiastudioofficial.com\/#\/schema\/logo\/image\/","url":"https:\/\/gaiastudioofficial.com\/wp-content\/uploads\/2024\/08\/2-1-e1762222663606.png","contentUrl":"https:\/\/gaiastudioofficial.com\/wp-content\/uploads\/2024\/08\/2-1-e1762222663606.png","width":563,"height":373,"caption":"Gaia Studio"},"image":{"@id":"https:\/\/gaiastudioofficial.com\/#\/schema\/logo\/image\/"}}]}},"_links":{"self":[{"href":"https:\/\/gaiastudioofficial.com\/en\/wp-json\/wp\/v2\/product\/6936","targetHints":{"allow":["GET"]}}],"collection":[{"href":"https:\/\/gaiastudioofficial.com\/en\/wp-json\/wp\/v2\/product"}],"about":[{"href":"https:\/\/gaiastudioofficial.com\/en\/wp-json\/wp\/v2\/types\/product"}],"replies":[{"embeddable":true,"href":"https:\/\/gaiastudioofficial.com\/en\/wp-json\/wp\/v2\/comments?post=6936"}],"wp:featuredmedia":[{"embeddable":true,"href":"https:\/\/gaiastudioofficial.com\/en\/wp-json\/wp\/v2\/media\/6938"}],"wp:attachment":[{"href":"https:\/\/gaiastudioofficial.com\/en\/wp-json\/wp\/v2\/media?parent=6936"}],"wp:term":[{"taxonomy":"product_brand","embeddable":true,"href":"https:\/\/gaiastudioofficial.com\/en\/wp-json\/wp\/v2\/product_brand?post=6936"},{"taxonomy":"product_cat","embeddable":true,"href":"https:\/\/gaiastudioofficial.com\/en\/wp-json\/wp\/v2\/product_cat?post=6936"},{"taxonomy":"product_tag","embeddable":true,"href":"https:\/\/gaiastudioofficial.com\/en\/wp-json\/wp\/v2\/product_tag?post=6936"}],"curies":[{"name":"wp","href":"https:\/\/api.w.org\/{rel}","templated":true}]}}