{"id":6896,"date":"2026-02-11T13:00:07","date_gmt":"2026-02-11T10:00:07","guid":{"rendered":"https:\/\/gaiastudioofficial.com\/?post_type=product&#038;p=6896"},"modified":"2026-02-11T13:22:37","modified_gmt":"2026-02-11T10:22:37","slug":"selene-cream-set","status":"publish","type":"product","link":"https:\/\/gaiastudioofficial.com\/en\/product\/selene-cream-set\/","title":{"rendered":"SELENE CREAM SET"},"content":{"rendered":"<p>Selene Cream Set sits elegantly on the body with its fine rib knit texture and stretchy structure. Its fluid form takes shape with movement and offers a sophisticated look with its minimal design.<\/p>\n<p>With its high slit detail and complementary piece, it interprets modern femininity in a simple yet assertive line.<\/p>\n<p>Provides effortless transition from day to night.<br \/>\nShipped as a set.<\/p>","protected":false},"excerpt":{"rendered":"<p>Selene Cream Set sits elegantly on the body with its fine rib knit texture and stretchy structure. Its fluid form takes shape with movement and offers a sophisticated look with its minimal design. With its high slit detail and complementary piece, it interprets modern femininity in a simple yet assertive line. Transitions effortlessly from day to night. Shipped as a set.<\/p>","protected":false},"featured_media":6898,"comment_status":"closed","ping_status":"closed","template":"","meta":[],"product_brand":[],"product_cat":[76,77],"product_tag":[],"class_list":{"0":"post-6896","1":"product","2":"type-product","3":"status-publish","4":"has-post-thumbnail","6":"product_cat-elbise","7":"product_cat-takimlar-alt-ust","9":"first","10":"instock","11":"shipping-taxable","12":"purchasable","13":"product-type-variable"},"yoast_head":"<!-- This site is optimized with the Yoast SEO plugin v26.3 - https:\/\/yoast.com\/wordpress\/plugins\/seo\/ -->\n<title>SELENE CREAM SET - Gaia Studio<\/title>\n<meta name=\"robots\" content=\"index, follow, max-snippet:-1, max-image-preview:large, max-video-preview:-1\" \/>\n<link rel=\"canonical\" href=\"https:\/\/gaiastudioofficial.com\/en\/product\/selene-cream-set\/\" \/>\n<meta property=\"og:locale\" content=\"en_US\" \/>\n<meta property=\"og:type\" content=\"article\" \/>\n<meta property=\"og:title\" content=\"SELENE CREAM SET - Gaia Studio\" \/>\n<meta property=\"og:description\" content=\"Selene Cream Set, ince fitilli \u00f6rme dokusu ve esnek yap\u0131s\u0131yla v\u00fccuda zarif\u00e7e oturur. Ak\u0131\u015fkan formu hareketle birlikte \u015fekil al\u0131r ve minimal tasar\u0131m\u0131yla sofistike bir g\u00f6r\u00fcn\u00fcm sunar. Y\u00fcksek y\u0131rtma\u00e7 detay\u0131 ve tamamlay\u0131c\u0131 par\u00e7as\u0131yla modern feminenli\u011fi sade ama iddial\u0131 bir \u00e7izgide yorumlar. G\u00fcnd\u00fczden geceye zahmetsiz ge\u00e7i\u015f sa\u011flar. Tak\u0131m olarak g\u00f6nderilir.\" \/>\n<meta property=\"og:url\" content=\"https:\/\/gaiastudioofficial.com\/en\/product\/selene-cream-set\/\" \/>\n<meta property=\"og:site_name\" content=\"Gaia Studio\" \/>\n<meta property=\"article:modified_time\" content=\"2026-02-11T10:22:37+00:00\" \/>\n<meta property=\"og:image\" content=\"https:\/\/gaiastudioofficial.com\/wp-content\/uploads\/2026\/02\/IMG_0091.jpeg\" \/>\n\t<meta property=\"og:image:width\" content=\"895\" \/>\n\t<meta property=\"og:image:height\" content=\"1342\" \/>\n\t<meta property=\"og:image:type\" content=\"image\/jpeg\" \/>\n<meta name=\"twitter:card\" content=\"summary_large_image\" \/>\n<script type=\"application\/ld+json\" class=\"yoast-schema-graph\">{\"@context\":\"https:\/\/schema.org\",\"@graph\":[{\"@type\":\"WebPage\",\"@id\":\"https:\/\/gaiastudioofficial.com\/urun\/selene-cream-set\/\",\"url\":\"https:\/\/gaiastudioofficial.com\/urun\/selene-cream-set\/\",\"name\":\"SELENE CREAM SET - Gaia Studio\",\"isPartOf\":{\"@id\":\"https:\/\/gaiastudioofficial.com\/#website\"},\"primaryImageOfPage\":{\"@id\":\"https:\/\/gaiastudioofficial.com\/urun\/selene-cream-set\/#primaryimage\"},\"image\":{\"@id\":\"https:\/\/gaiastudioofficial.com\/urun\/selene-cream-set\/#primaryimage\"},\"thumbnailUrl\":\"https:\/\/gaiastudioofficial.com\/wp-content\/uploads\/2026\/02\/IMG_0091.jpeg\",\"datePublished\":\"2026-02-11T10:00:07+00:00\",\"dateModified\":\"2026-02-11T10:22:37+00:00\",\"breadcrumb\":{\"@id\":\"https:\/\/gaiastudioofficial.com\/urun\/selene-cream-set\/#breadcrumb\"},\"inLanguage\":\"en-US\",\"potentialAction\":[{\"@type\":\"ReadAction\",\"target\":[\"https:\/\/gaiastudioofficial.com\/urun\/selene-cream-set\/\"]}]},{\"@type\":\"ImageObject\",\"inLanguage\":\"en-US\",\"@id\":\"https:\/\/gaiastudioofficial.com\/urun\/selene-cream-set\/#primaryimage\",\"url\":\"https:\/\/gaiastudioofficial.com\/wp-content\/uploads\/2026\/02\/IMG_0091.jpeg\",\"contentUrl\":\"https:\/\/gaiastudioofficial.com\/wp-content\/uploads\/2026\/02\/IMG_0091.jpeg\",\"width\":895,\"height\":1342},{\"@type\":\"BreadcrumbList\",\"@id\":\"https:\/\/gaiastudioofficial.com\/urun\/selene-cream-set\/#breadcrumb\",\"itemListElement\":[{\"@type\":\"ListItem\",\"position\":1,\"name\":\"Anasayfa\",\"item\":\"https:\/\/gaiastudioofficial.com\/\"},{\"@type\":\"ListItem\",\"position\":2,\"name\":\"\u00dcr\u00fcnler\",\"item\":\"https:\/\/gaiastudioofficial.com\/shop\/\"},{\"@type\":\"ListItem\",\"position\":3,\"name\":\"SELENE CREAM SET\"}]},{\"@type\":\"WebSite\",\"@id\":\"https:\/\/gaiastudioofficial.com\/#website\",\"url\":\"https:\/\/gaiastudioofficial.com\/\",\"name\":\"Gaia Studio\",\"description\":\"\",\"publisher\":{\"@id\":\"https:\/\/gaiastudioofficial.com\/#organization\"},\"potentialAction\":[{\"@type\":\"SearchAction\",\"target\":{\"@type\":\"EntryPoint\",\"urlTemplate\":\"https:\/\/gaiastudioofficial.com\/?s={search_term_string}\"},\"query-input\":{\"@type\":\"PropertyValueSpecification\",\"valueRequired\":true,\"valueName\":\"search_term_string\"}}],\"inLanguage\":\"en-US\"},{\"@type\":\"Organization\",\"@id\":\"https:\/\/gaiastudioofficial.com\/#organization\",\"name\":\"Gaia Studio\",\"url\":\"https:\/\/gaiastudioofficial.com\/\",\"logo\":{\"@type\":\"ImageObject\",\"inLanguage\":\"en-US\",\"@id\":\"https:\/\/gaiastudioofficial.com\/#\/schema\/logo\/image\/\",\"url\":\"https:\/\/gaiastudioofficial.com\/wp-content\/uploads\/2024\/08\/2-1-e1762222663606.png\",\"contentUrl\":\"https:\/\/gaiastudioofficial.com\/wp-content\/uploads\/2024\/08\/2-1-e1762222663606.png\",\"width\":563,\"height\":373,\"caption\":\"Gaia Studio\"},\"image\":{\"@id\":\"https:\/\/gaiastudioofficial.com\/#\/schema\/logo\/image\/\"}}]}<\/script>\n<!-- \/ Yoast SEO plugin. -->","yoast_head_json":{"title":"SELENE CREAM SET - Gaia Studio","robots":{"index":"index","follow":"follow","max-snippet":"max-snippet:-1","max-image-preview":"max-image-preview:large","max-video-preview":"max-video-preview:-1"},"canonical":"https:\/\/gaiastudioofficial.com\/en\/product\/selene-cream-set\/","og_locale":"en_US","og_type":"article","og_title":"SELENE CREAM SET - Gaia Studio","og_description":"Selene Cream Set, ince fitilli \u00f6rme dokusu ve esnek yap\u0131s\u0131yla v\u00fccuda zarif\u00e7e oturur. Ak\u0131\u015fkan formu hareketle birlikte \u015fekil al\u0131r ve minimal tasar\u0131m\u0131yla sofistike bir g\u00f6r\u00fcn\u00fcm sunar. Y\u00fcksek y\u0131rtma\u00e7 detay\u0131 ve tamamlay\u0131c\u0131 par\u00e7as\u0131yla modern feminenli\u011fi sade ama iddial\u0131 bir \u00e7izgide yorumlar. G\u00fcnd\u00fczden geceye zahmetsiz ge\u00e7i\u015f sa\u011flar. Tak\u0131m olarak g\u00f6nderilir.","og_url":"https:\/\/gaiastudioofficial.com\/en\/product\/selene-cream-set\/","og_site_name":"Gaia Studio","article_modified_time":"2026-02-11T10:22:37+00:00","og_image":[{"width":895,"height":1342,"url":"https:\/\/gaiastudioofficial.com\/wp-content\/uploads\/2026\/02\/IMG_0091.jpeg","type":"image\/jpeg"}],"twitter_card":"summary_large_image","schema":{"@context":"https:\/\/schema.org","@graph":[{"@type":"WebPage","@id":"https:\/\/gaiastudioofficial.com\/urun\/selene-cream-set\/","url":"https:\/\/gaiastudioofficial.com\/urun\/selene-cream-set\/","name":"SELENE CREAM SET - Gaia Studio","isPartOf":{"@id":"https:\/\/gaiastudioofficial.com\/#website"},"primaryImageOfPage":{"@id":"https:\/\/gaiastudioofficial.com\/urun\/selene-cream-set\/#primaryimage"},"image":{"@id":"https:\/\/gaiastudioofficial.com\/urun\/selene-cream-set\/#primaryimage"},"thumbnailUrl":"https:\/\/gaiastudioofficial.com\/wp-content\/uploads\/2026\/02\/IMG_0091.jpeg","datePublished":"2026-02-11T10:00:07+00:00","dateModified":"2026-02-11T10:22:37+00:00","breadcrumb":{"@id":"https:\/\/gaiastudioofficial.com\/urun\/selene-cream-set\/#breadcrumb"},"inLanguage":"en-US","potentialAction":[{"@type":"ReadAction","target":["https:\/\/gaiastudioofficial.com\/urun\/selene-cream-set\/"]}]},{"@type":"ImageObject","inLanguage":"en-US","@id":"https:\/\/gaiastudioofficial.com\/urun\/selene-cream-set\/#primaryimage","url":"https:\/\/gaiastudioofficial.com\/wp-content\/uploads\/2026\/02\/IMG_0091.jpeg","contentUrl":"https:\/\/gaiastudioofficial.com\/wp-content\/uploads\/2026\/02\/IMG_0091.jpeg","width":895,"height":1342},{"@type":"BreadcrumbList","@id":"https:\/\/gaiastudioofficial.com\/urun\/selene-cream-set\/#breadcrumb","itemListElement":[{"@type":"ListItem","position":1,"name":"Anasayfa","item":"https:\/\/gaiastudioofficial.com\/"},{"@type":"ListItem","position":2,"name":"\u00dcr\u00fcnler","item":"https:\/\/gaiastudioofficial.com\/shop\/"},{"@type":"ListItem","position":3,"name":"SELENE CREAM SET"}]},{"@type":"WebSite","@id":"https:\/\/gaiastudioofficial.com\/#website","url":"https:\/\/gaiastudioofficial.com\/","name":"Gaia Studio","description":"","publisher":{"@id":"https:\/\/gaiastudioofficial.com\/#organization"},"potentialAction":[{"@type":"SearchAction","target":{"@type":"EntryPoint","urlTemplate":"https:\/\/gaiastudioofficial.com\/?s={search_term_string}"},"query-input":{"@type":"PropertyValueSpecification","valueRequired":true,"valueName":"search_term_string"}}],"inLanguage":"en-US"},{"@type":"Organization","@id":"https:\/\/gaiastudioofficial.com\/#organization","name":"Gaia Studio","url":"https:\/\/gaiastudioofficial.com\/","logo":{"@type":"ImageObject","inLanguage":"en-US","@id":"https:\/\/gaiastudioofficial.com\/#\/schema\/logo\/image\/","url":"https:\/\/gaiastudioofficial.com\/wp-content\/uploads\/2024\/08\/2-1-e1762222663606.png","contentUrl":"https:\/\/gaiastudioofficial.com\/wp-content\/uploads\/2024\/08\/2-1-e1762222663606.png","width":563,"height":373,"caption":"Gaia Studio"},"image":{"@id":"https:\/\/gaiastudioofficial.com\/#\/schema\/logo\/image\/"}}]}},"_links":{"self":[{"href":"https:\/\/gaiastudioofficial.com\/en\/wp-json\/wp\/v2\/product\/6896","targetHints":{"allow":["GET"]}}],"collection":[{"href":"https:\/\/gaiastudioofficial.com\/en\/wp-json\/wp\/v2\/product"}],"about":[{"href":"https:\/\/gaiastudioofficial.com\/en\/wp-json\/wp\/v2\/types\/product"}],"replies":[{"embeddable":true,"href":"https:\/\/gaiastudioofficial.com\/en\/wp-json\/wp\/v2\/comments?post=6896"}],"wp:featuredmedia":[{"embeddable":true,"href":"https:\/\/gaiastudioofficial.com\/en\/wp-json\/wp\/v2\/media\/6898"}],"wp:attachment":[{"href":"https:\/\/gaiastudioofficial.com\/en\/wp-json\/wp\/v2\/media?parent=6896"}],"wp:term":[{"taxonomy":"product_brand","embeddable":true,"href":"https:\/\/gaiastudioofficial.com\/en\/wp-json\/wp\/v2\/product_brand?post=6896"},{"taxonomy":"product_cat","embeddable":true,"href":"https:\/\/gaiastudioofficial.com\/en\/wp-json\/wp\/v2\/product_cat?post=6896"},{"taxonomy":"product_tag","embeddable":true,"href":"https:\/\/gaiastudioofficial.com\/en\/wp-json\/wp\/v2\/product_tag?post=6896"}],"curies":[{"name":"wp","href":"https:\/\/api.w.org\/{rel}","templated":true}]}}