{"id":6656,"date":"2026-01-27T03:56:01","date_gmt":"2026-01-27T00:56:01","guid":{"rendered":"https:\/\/gaiastudioofficial.com\/?post_type=product&#038;p=6656"},"modified":"2026-02-17T20:58:03","modified_gmt":"2026-02-17T17:58:03","slug":"gaia-olive-jacket","status":"publish","type":"product","link":"https:\/\/gaiastudioofficial.com\/en\/product\/gaia-olive-jacket\/","title":{"rendered":"GAIA OLIVE JACKET"},"content":{"rendered":"<p>Gaia Olive Jacket brings a contemporary interpretation to the classic blazer concept with its modern cut and short form. The sharp shoulder line creates a strong silhouette, while the olive hue offers a sophisticated effect inspired by nature.<\/p>\n<p>It provides a strong unity when combined as a set, and creates a minimal yet assertive look when used alone.<\/p>","protected":false},"excerpt":{"rendered":"<p>Gaia Olive Jacket brings a contemporary interpretation to the classic blazer concept with its modern cut and short form. The sharp shoulder line creates a strong silhouette, while the olive shade offers a sophisticated effect inspired by nature. It provides a strong integrity when combined as a suit, and creates a minimal yet assertive look when worn alone.<\/p>","protected":false},"featured_media":6601,"comment_status":"closed","ping_status":"closed","template":"","meta":[],"product_brand":[],"product_cat":[74],"product_tag":[],"class_list":{"0":"post-6656","1":"product","2":"type-product","3":"status-publish","4":"has-post-thumbnail","6":"product_cat-ust-giyim","8":"first","9":"instock","10":"shipping-taxable","11":"product-type-variable"},"yoast_head":"<!-- This site is optimized with the Yoast SEO plugin v26.3 - https:\/\/yoast.com\/wordpress\/plugins\/seo\/ -->\n<title>GAIA OLIVE JACKET - Gaia Studio<\/title>\n<meta name=\"robots\" content=\"index, follow, max-snippet:-1, max-image-preview:large, max-video-preview:-1\" \/>\n<link rel=\"canonical\" href=\"https:\/\/gaiastudioofficial.com\/en\/product\/gaia-olive-jacket\/\" \/>\n<meta property=\"og:locale\" content=\"en_US\" \/>\n<meta property=\"og:type\" content=\"article\" \/>\n<meta property=\"og:title\" content=\"GAIA OLIVE JACKET - Gaia Studio\" \/>\n<meta property=\"og:description\" content=\"Gaia Olive Jacket, modern kesimi ve k\u0131sa formu ile klasik blazer anlay\u0131\u015f\u0131na \u00e7a\u011fda\u015f bir yorum getiriyor. Keskin omuz hatt\u0131 g\u00fc\u00e7l\u00fc bir siluet yarat\u0131rken, olive tonu do\u011fadan ilham alan sofistike bir etki sunar. Tak\u0131m olarak kombinlendi\u011finde g\u00fc\u00e7l\u00fc bir b\u00fct\u00fcnl\u00fck sa\u011flar, tek ba\u015f\u0131na kullan\u0131ld\u0131\u011f\u0131nda ise minimal ama iddial\u0131 bir g\u00f6r\u00fcn\u00fcm yarat\u0131r.\" \/>\n<meta property=\"og:url\" content=\"https:\/\/gaiastudioofficial.com\/en\/product\/gaia-olive-jacket\/\" \/>\n<meta property=\"og:site_name\" content=\"Gaia Studio\" \/>\n<meta property=\"article:modified_time\" content=\"2026-02-17T17:58:03+00:00\" \/>\n<meta property=\"og:image\" content=\"https:\/\/gaiastudioofficial.com\/wp-content\/uploads\/2026\/01\/DSC05031-scaled.jpg\" \/>\n\t<meta property=\"og:image:width\" content=\"1707\" \/>\n\t<meta property=\"og:image:height\" content=\"2560\" \/>\n\t<meta property=\"og:image:type\" content=\"image\/jpeg\" \/>\n<meta name=\"twitter:card\" content=\"summary_large_image\" \/>\n<meta name=\"twitter:label1\" content=\"Est. reading time\" \/>\n\t<meta name=\"twitter:data1\" content=\"1 minute\" \/>\n<script type=\"application\/ld+json\" class=\"yoast-schema-graph\">{\"@context\":\"https:\/\/schema.org\",\"@graph\":[{\"@type\":\"WebPage\",\"@id\":\"https:\/\/gaiastudioofficial.com\/urun\/gaia-olive-jacket\/\",\"url\":\"https:\/\/gaiastudioofficial.com\/urun\/gaia-olive-jacket\/\",\"name\":\"GAIA OLIVE JACKET - Gaia Studio\",\"isPartOf\":{\"@id\":\"https:\/\/gaiastudioofficial.com\/#website\"},\"primaryImageOfPage\":{\"@id\":\"https:\/\/gaiastudioofficial.com\/urun\/gaia-olive-jacket\/#primaryimage\"},\"image\":{\"@id\":\"https:\/\/gaiastudioofficial.com\/urun\/gaia-olive-jacket\/#primaryimage\"},\"thumbnailUrl\":\"https:\/\/gaiastudioofficial.com\/wp-content\/uploads\/2026\/01\/DSC05031-scaled.jpg\",\"datePublished\":\"2026-01-27T00:56:01+00:00\",\"dateModified\":\"2026-02-17T17:58:03+00:00\",\"breadcrumb\":{\"@id\":\"https:\/\/gaiastudioofficial.com\/urun\/gaia-olive-jacket\/#breadcrumb\"},\"inLanguage\":\"en-US\",\"potentialAction\":[{\"@type\":\"ReadAction\",\"target\":[\"https:\/\/gaiastudioofficial.com\/urun\/gaia-olive-jacket\/\"]}]},{\"@type\":\"ImageObject\",\"inLanguage\":\"en-US\",\"@id\":\"https:\/\/gaiastudioofficial.com\/urun\/gaia-olive-jacket\/#primaryimage\",\"url\":\"https:\/\/gaiastudioofficial.com\/wp-content\/uploads\/2026\/01\/DSC05031-scaled.jpg\",\"contentUrl\":\"https:\/\/gaiastudioofficial.com\/wp-content\/uploads\/2026\/01\/DSC05031-scaled.jpg\",\"width\":1707,\"height\":2560},{\"@type\":\"BreadcrumbList\",\"@id\":\"https:\/\/gaiastudioofficial.com\/urun\/gaia-olive-jacket\/#breadcrumb\",\"itemListElement\":[{\"@type\":\"ListItem\",\"position\":1,\"name\":\"Anasayfa\",\"item\":\"https:\/\/gaiastudioofficial.com\/\"},{\"@type\":\"ListItem\",\"position\":2,\"name\":\"\u00dcr\u00fcnler\",\"item\":\"https:\/\/gaiastudioofficial.com\/shop\/\"},{\"@type\":\"ListItem\",\"position\":3,\"name\":\"GAIA OLIVE JACKET\"}]},{\"@type\":\"WebSite\",\"@id\":\"https:\/\/gaiastudioofficial.com\/#website\",\"url\":\"https:\/\/gaiastudioofficial.com\/\",\"name\":\"Gaia Studio\",\"description\":\"\",\"publisher\":{\"@id\":\"https:\/\/gaiastudioofficial.com\/#organization\"},\"potentialAction\":[{\"@type\":\"SearchAction\",\"target\":{\"@type\":\"EntryPoint\",\"urlTemplate\":\"https:\/\/gaiastudioofficial.com\/?s={search_term_string}\"},\"query-input\":{\"@type\":\"PropertyValueSpecification\",\"valueRequired\":true,\"valueName\":\"search_term_string\"}}],\"inLanguage\":\"en-US\"},{\"@type\":\"Organization\",\"@id\":\"https:\/\/gaiastudioofficial.com\/#organization\",\"name\":\"Gaia Studio\",\"url\":\"https:\/\/gaiastudioofficial.com\/\",\"logo\":{\"@type\":\"ImageObject\",\"inLanguage\":\"en-US\",\"@id\":\"https:\/\/gaiastudioofficial.com\/#\/schema\/logo\/image\/\",\"url\":\"https:\/\/gaiastudioofficial.com\/wp-content\/uploads\/2024\/08\/2-1-e1762222663606.png\",\"contentUrl\":\"https:\/\/gaiastudioofficial.com\/wp-content\/uploads\/2024\/08\/2-1-e1762222663606.png\",\"width\":563,\"height\":373,\"caption\":\"Gaia Studio\"},\"image\":{\"@id\":\"https:\/\/gaiastudioofficial.com\/#\/schema\/logo\/image\/\"}}]}<\/script>\n<!-- \/ Yoast SEO plugin. -->","yoast_head_json":{"title":"GAIA OLIVE JACKET - Gaia Studio","robots":{"index":"index","follow":"follow","max-snippet":"max-snippet:-1","max-image-preview":"max-image-preview:large","max-video-preview":"max-video-preview:-1"},"canonical":"https:\/\/gaiastudioofficial.com\/en\/product\/gaia-olive-jacket\/","og_locale":"en_US","og_type":"article","og_title":"GAIA OLIVE JACKET - Gaia Studio","og_description":"Gaia Olive Jacket, modern kesimi ve k\u0131sa formu ile klasik blazer anlay\u0131\u015f\u0131na \u00e7a\u011fda\u015f bir yorum getiriyor. Keskin omuz hatt\u0131 g\u00fc\u00e7l\u00fc bir siluet yarat\u0131rken, olive tonu do\u011fadan ilham alan sofistike bir etki sunar. Tak\u0131m olarak kombinlendi\u011finde g\u00fc\u00e7l\u00fc bir b\u00fct\u00fcnl\u00fck sa\u011flar, tek ba\u015f\u0131na kullan\u0131ld\u0131\u011f\u0131nda ise minimal ama iddial\u0131 bir g\u00f6r\u00fcn\u00fcm yarat\u0131r.","og_url":"https:\/\/gaiastudioofficial.com\/en\/product\/gaia-olive-jacket\/","og_site_name":"Gaia Studio","article_modified_time":"2026-02-17T17:58:03+00:00","og_image":[{"width":1707,"height":2560,"url":"https:\/\/gaiastudioofficial.com\/wp-content\/uploads\/2026\/01\/DSC05031-scaled.jpg","type":"image\/jpeg"}],"twitter_card":"summary_large_image","twitter_misc":{"Est. reading time":"1 minute"},"schema":{"@context":"https:\/\/schema.org","@graph":[{"@type":"WebPage","@id":"https:\/\/gaiastudioofficial.com\/urun\/gaia-olive-jacket\/","url":"https:\/\/gaiastudioofficial.com\/urun\/gaia-olive-jacket\/","name":"GAIA OLIVE JACKET - Gaia Studio","isPartOf":{"@id":"https:\/\/gaiastudioofficial.com\/#website"},"primaryImageOfPage":{"@id":"https:\/\/gaiastudioofficial.com\/urun\/gaia-olive-jacket\/#primaryimage"},"image":{"@id":"https:\/\/gaiastudioofficial.com\/urun\/gaia-olive-jacket\/#primaryimage"},"thumbnailUrl":"https:\/\/gaiastudioofficial.com\/wp-content\/uploads\/2026\/01\/DSC05031-scaled.jpg","datePublished":"2026-01-27T00:56:01+00:00","dateModified":"2026-02-17T17:58:03+00:00","breadcrumb":{"@id":"https:\/\/gaiastudioofficial.com\/urun\/gaia-olive-jacket\/#breadcrumb"},"inLanguage":"en-US","potentialAction":[{"@type":"ReadAction","target":["https:\/\/gaiastudioofficial.com\/urun\/gaia-olive-jacket\/"]}]},{"@type":"ImageObject","inLanguage":"en-US","@id":"https:\/\/gaiastudioofficial.com\/urun\/gaia-olive-jacket\/#primaryimage","url":"https:\/\/gaiastudioofficial.com\/wp-content\/uploads\/2026\/01\/DSC05031-scaled.jpg","contentUrl":"https:\/\/gaiastudioofficial.com\/wp-content\/uploads\/2026\/01\/DSC05031-scaled.jpg","width":1707,"height":2560},{"@type":"BreadcrumbList","@id":"https:\/\/gaiastudioofficial.com\/urun\/gaia-olive-jacket\/#breadcrumb","itemListElement":[{"@type":"ListItem","position":1,"name":"Anasayfa","item":"https:\/\/gaiastudioofficial.com\/"},{"@type":"ListItem","position":2,"name":"\u00dcr\u00fcnler","item":"https:\/\/gaiastudioofficial.com\/shop\/"},{"@type":"ListItem","position":3,"name":"GAIA OLIVE JACKET"}]},{"@type":"WebSite","@id":"https:\/\/gaiastudioofficial.com\/#website","url":"https:\/\/gaiastudioofficial.com\/","name":"Gaia Studio","description":"","publisher":{"@id":"https:\/\/gaiastudioofficial.com\/#organization"},"potentialAction":[{"@type":"SearchAction","target":{"@type":"EntryPoint","urlTemplate":"https:\/\/gaiastudioofficial.com\/?s={search_term_string}"},"query-input":{"@type":"PropertyValueSpecification","valueRequired":true,"valueName":"search_term_string"}}],"inLanguage":"en-US"},{"@type":"Organization","@id":"https:\/\/gaiastudioofficial.com\/#organization","name":"Gaia Studio","url":"https:\/\/gaiastudioofficial.com\/","logo":{"@type":"ImageObject","inLanguage":"en-US","@id":"https:\/\/gaiastudioofficial.com\/#\/schema\/logo\/image\/","url":"https:\/\/gaiastudioofficial.com\/wp-content\/uploads\/2024\/08\/2-1-e1762222663606.png","contentUrl":"https:\/\/gaiastudioofficial.com\/wp-content\/uploads\/2024\/08\/2-1-e1762222663606.png","width":563,"height":373,"caption":"Gaia Studio"},"image":{"@id":"https:\/\/gaiastudioofficial.com\/#\/schema\/logo\/image\/"}}]}},"_links":{"self":[{"href":"https:\/\/gaiastudioofficial.com\/en\/wp-json\/wp\/v2\/product\/6656","targetHints":{"allow":["GET"]}}],"collection":[{"href":"https:\/\/gaiastudioofficial.com\/en\/wp-json\/wp\/v2\/product"}],"about":[{"href":"https:\/\/gaiastudioofficial.com\/en\/wp-json\/wp\/v2\/types\/product"}],"replies":[{"embeddable":true,"href":"https:\/\/gaiastudioofficial.com\/en\/wp-json\/wp\/v2\/comments?post=6656"}],"wp:featuredmedia":[{"embeddable":true,"href":"https:\/\/gaiastudioofficial.com\/en\/wp-json\/wp\/v2\/media\/6601"}],"wp:attachment":[{"href":"https:\/\/gaiastudioofficial.com\/en\/wp-json\/wp\/v2\/media?parent=6656"}],"wp:term":[{"taxonomy":"product_brand","embeddable":true,"href":"https:\/\/gaiastudioofficial.com\/en\/wp-json\/wp\/v2\/product_brand?post=6656"},{"taxonomy":"product_cat","embeddable":true,"href":"https:\/\/gaiastudioofficial.com\/en\/wp-json\/wp\/v2\/product_cat?post=6656"},{"taxonomy":"product_tag","embeddable":true,"href":"https:\/\/gaiastudioofficial.com\/en\/wp-json\/wp\/v2\/product_tag?post=6656"}],"curies":[{"name":"wp","href":"https:\/\/api.w.org\/{rel}","templated":true}]}}