{"id":6643,"date":"2026-01-27T03:23:51","date_gmt":"2026-01-27T00:23:51","guid":{"rendered":"https:\/\/gaiastudioofficial.com\/?post_type=product&#038;p=6643"},"modified":"2026-02-17T20:56:00","modified_gmt":"2026-02-17T17:56:00","slug":"gaia-midnight-mini-skirt","status":"publish","type":"product","link":"https:\/\/gaiastudioofficial.com\/en\/product\/gaia-midnight-mini-skirt\/","title":{"rendered":"MIDNIGT MINI SKIRT"},"content":{"rendered":"<p>Midnight Mini Skirt attracts attention at every step with its light-reflecting sequin texture. Its fitted form emphasizes the feminine silhouette. Its mini length creates a strong and assertive stance. The sparkle on the surface as you move makes the look dynamic and striking.<\/p>\n<p>When paired with a basic top, it creates balance and when complemented with heels, it creates a stage effect.<\/p>\n<p>&nbsp;<\/p>","protected":false},"excerpt":{"rendered":"<p>Midnight Mini Skirt attracts attention at every step with its light-reflecting sequin texture. Its fitted form emphasizes the feminine silhouette. Its mini length creates a strong and assertive stance. The sparkle on the surface as you move makes the look dynamic and striking. It creates balance when paired with a basic top and creates a stage effect when complemented with heels. &nbsp;<\/p>","protected":false},"featured_media":6501,"comment_status":"closed","ping_status":"closed","template":"","meta":[],"product_brand":[],"product_cat":[75],"product_tag":[],"class_list":{"0":"post-6643","1":"product","2":"type-product","3":"status-publish","4":"has-post-thumbnail","6":"product_cat-alt-giyim","8":"first","9":"instock","10":"shipping-taxable","11":"purchasable","12":"product-type-variable"},"yoast_head":"<!-- This site is optimized with the Yoast SEO plugin v26.3 - https:\/\/yoast.com\/wordpress\/plugins\/seo\/ -->\n<title>MIDNIGT MINI SKIRT - Gaia Studio<\/title>\n<meta name=\"robots\" content=\"index, follow, max-snippet:-1, max-image-preview:large, max-video-preview:-1\" \/>\n<link rel=\"canonical\" href=\"https:\/\/gaiastudioofficial.com\/en\/product\/gaia-midnight-mini-skirt\/\" \/>\n<meta property=\"og:locale\" content=\"en_US\" \/>\n<meta property=\"og:type\" content=\"article\" \/>\n<meta property=\"og:title\" content=\"MIDNIGT MINI SKIRT - Gaia Studio\" \/>\n<meta property=\"og:description\" content=\"Midnight Mini Skirt, \u0131\u015f\u0131\u011f\u0131 yans\u0131tan payet dokusuyla her ad\u0131mda dikkat \u00e7eker.V\u00fccuda oturan formu feminen silueti vurgular. Mini boyu g\u00fc\u00e7l\u00fc ve iddial\u0131 bir duru\u015f yarat\u0131r. Hareket ettik\u00e7e y\u00fczeyde olu\u015fan \u0131\u015f\u0131lt\u0131, g\u00f6r\u00fcn\u00fcm\u00fc dinamik ve \u00e7arp\u0131c\u0131 hale getirir. Basic bir \u00fcstle kombinlendi\u011finde denge kurar.Topuklu ile tamamland\u0131\u011f\u0131nda sahne etkisi yarat\u0131r. &nbsp;\" \/>\n<meta property=\"og:url\" content=\"https:\/\/gaiastudioofficial.com\/en\/product\/gaia-midnight-mini-skirt\/\" \/>\n<meta property=\"og:site_name\" content=\"Gaia Studio\" \/>\n<meta property=\"article:modified_time\" content=\"2026-02-17T17:56:00+00:00\" \/>\n<meta property=\"og:image\" content=\"https:\/\/gaiastudioofficial.com\/wp-content\/uploads\/2026\/01\/DSC06476-scaled.jpg\" \/>\n\t<meta property=\"og:image:width\" content=\"1707\" \/>\n\t<meta property=\"og:image:height\" content=\"2560\" \/>\n\t<meta property=\"og:image:type\" content=\"image\/jpeg\" \/>\n<meta name=\"twitter:card\" content=\"summary_large_image\" \/>\n<meta name=\"twitter:label1\" content=\"Est. reading time\" \/>\n\t<meta name=\"twitter:data1\" content=\"1 minute\" \/>\n<script type=\"application\/ld+json\" class=\"yoast-schema-graph\">{\"@context\":\"https:\/\/schema.org\",\"@graph\":[{\"@type\":\"WebPage\",\"@id\":\"https:\/\/gaiastudioofficial.com\/urun\/gaia-midnight-mini-skirt\/\",\"url\":\"https:\/\/gaiastudioofficial.com\/urun\/gaia-midnight-mini-skirt\/\",\"name\":\"MIDNIGT MINI SKIRT - Gaia Studio\",\"isPartOf\":{\"@id\":\"https:\/\/gaiastudioofficial.com\/#website\"},\"primaryImageOfPage\":{\"@id\":\"https:\/\/gaiastudioofficial.com\/urun\/gaia-midnight-mini-skirt\/#primaryimage\"},\"image\":{\"@id\":\"https:\/\/gaiastudioofficial.com\/urun\/gaia-midnight-mini-skirt\/#primaryimage\"},\"thumbnailUrl\":\"https:\/\/gaiastudioofficial.com\/wp-content\/uploads\/2026\/01\/DSC06476-scaled.jpg\",\"datePublished\":\"2026-01-27T00:23:51+00:00\",\"dateModified\":\"2026-02-17T17:56:00+00:00\",\"breadcrumb\":{\"@id\":\"https:\/\/gaiastudioofficial.com\/urun\/gaia-midnight-mini-skirt\/#breadcrumb\"},\"inLanguage\":\"en-US\",\"potentialAction\":[{\"@type\":\"ReadAction\",\"target\":[\"https:\/\/gaiastudioofficial.com\/urun\/gaia-midnight-mini-skirt\/\"]}]},{\"@type\":\"ImageObject\",\"inLanguage\":\"en-US\",\"@id\":\"https:\/\/gaiastudioofficial.com\/urun\/gaia-midnight-mini-skirt\/#primaryimage\",\"url\":\"https:\/\/gaiastudioofficial.com\/wp-content\/uploads\/2026\/01\/DSC06476-scaled.jpg\",\"contentUrl\":\"https:\/\/gaiastudioofficial.com\/wp-content\/uploads\/2026\/01\/DSC06476-scaled.jpg\",\"width\":1707,\"height\":2560},{\"@type\":\"BreadcrumbList\",\"@id\":\"https:\/\/gaiastudioofficial.com\/urun\/gaia-midnight-mini-skirt\/#breadcrumb\",\"itemListElement\":[{\"@type\":\"ListItem\",\"position\":1,\"name\":\"Anasayfa\",\"item\":\"https:\/\/gaiastudioofficial.com\/\"},{\"@type\":\"ListItem\",\"position\":2,\"name\":\"\u00dcr\u00fcnler\",\"item\":\"https:\/\/gaiastudioofficial.com\/shop\/\"},{\"@type\":\"ListItem\",\"position\":3,\"name\":\"MIDNIGT MINI SKIRT\"}]},{\"@type\":\"WebSite\",\"@id\":\"https:\/\/gaiastudioofficial.com\/#website\",\"url\":\"https:\/\/gaiastudioofficial.com\/\",\"name\":\"Gaia Studio\",\"description\":\"\",\"publisher\":{\"@id\":\"https:\/\/gaiastudioofficial.com\/#organization\"},\"potentialAction\":[{\"@type\":\"SearchAction\",\"target\":{\"@type\":\"EntryPoint\",\"urlTemplate\":\"https:\/\/gaiastudioofficial.com\/?s={search_term_string}\"},\"query-input\":{\"@type\":\"PropertyValueSpecification\",\"valueRequired\":true,\"valueName\":\"search_term_string\"}}],\"inLanguage\":\"en-US\"},{\"@type\":\"Organization\",\"@id\":\"https:\/\/gaiastudioofficial.com\/#organization\",\"name\":\"Gaia Studio\",\"url\":\"https:\/\/gaiastudioofficial.com\/\",\"logo\":{\"@type\":\"ImageObject\",\"inLanguage\":\"en-US\",\"@id\":\"https:\/\/gaiastudioofficial.com\/#\/schema\/logo\/image\/\",\"url\":\"https:\/\/gaiastudioofficial.com\/wp-content\/uploads\/2024\/08\/2-1-e1762222663606.png\",\"contentUrl\":\"https:\/\/gaiastudioofficial.com\/wp-content\/uploads\/2024\/08\/2-1-e1762222663606.png\",\"width\":563,\"height\":373,\"caption\":\"Gaia Studio\"},\"image\":{\"@id\":\"https:\/\/gaiastudioofficial.com\/#\/schema\/logo\/image\/\"}}]}<\/script>\n<!-- \/ Yoast SEO plugin. -->","yoast_head_json":{"title":"MIDNIGT MINI SKIRT - Gaia Studio","robots":{"index":"index","follow":"follow","max-snippet":"max-snippet:-1","max-image-preview":"max-image-preview:large","max-video-preview":"max-video-preview:-1"},"canonical":"https:\/\/gaiastudioofficial.com\/en\/product\/gaia-midnight-mini-skirt\/","og_locale":"en_US","og_type":"article","og_title":"MIDNIGT MINI SKIRT - Gaia Studio","og_description":"Midnight Mini Skirt, \u0131\u015f\u0131\u011f\u0131 yans\u0131tan payet dokusuyla her ad\u0131mda dikkat \u00e7eker.V\u00fccuda oturan formu feminen silueti vurgular. Mini boyu g\u00fc\u00e7l\u00fc ve iddial\u0131 bir duru\u015f yarat\u0131r. Hareket ettik\u00e7e y\u00fczeyde olu\u015fan \u0131\u015f\u0131lt\u0131, g\u00f6r\u00fcn\u00fcm\u00fc dinamik ve \u00e7arp\u0131c\u0131 hale getirir. Basic bir \u00fcstle kombinlendi\u011finde denge kurar.Topuklu ile tamamland\u0131\u011f\u0131nda sahne etkisi yarat\u0131r. &nbsp;","og_url":"https:\/\/gaiastudioofficial.com\/en\/product\/gaia-midnight-mini-skirt\/","og_site_name":"Gaia Studio","article_modified_time":"2026-02-17T17:56:00+00:00","og_image":[{"width":1707,"height":2560,"url":"https:\/\/gaiastudioofficial.com\/wp-content\/uploads\/2026\/01\/DSC06476-scaled.jpg","type":"image\/jpeg"}],"twitter_card":"summary_large_image","twitter_misc":{"Est. reading time":"1 minute"},"schema":{"@context":"https:\/\/schema.org","@graph":[{"@type":"WebPage","@id":"https:\/\/gaiastudioofficial.com\/urun\/gaia-midnight-mini-skirt\/","url":"https:\/\/gaiastudioofficial.com\/urun\/gaia-midnight-mini-skirt\/","name":"MIDNIGT MINI SKIRT - Gaia Studio","isPartOf":{"@id":"https:\/\/gaiastudioofficial.com\/#website"},"primaryImageOfPage":{"@id":"https:\/\/gaiastudioofficial.com\/urun\/gaia-midnight-mini-skirt\/#primaryimage"},"image":{"@id":"https:\/\/gaiastudioofficial.com\/urun\/gaia-midnight-mini-skirt\/#primaryimage"},"thumbnailUrl":"https:\/\/gaiastudioofficial.com\/wp-content\/uploads\/2026\/01\/DSC06476-scaled.jpg","datePublished":"2026-01-27T00:23:51+00:00","dateModified":"2026-02-17T17:56:00+00:00","breadcrumb":{"@id":"https:\/\/gaiastudioofficial.com\/urun\/gaia-midnight-mini-skirt\/#breadcrumb"},"inLanguage":"en-US","potentialAction":[{"@type":"ReadAction","target":["https:\/\/gaiastudioofficial.com\/urun\/gaia-midnight-mini-skirt\/"]}]},{"@type":"ImageObject","inLanguage":"en-US","@id":"https:\/\/gaiastudioofficial.com\/urun\/gaia-midnight-mini-skirt\/#primaryimage","url":"https:\/\/gaiastudioofficial.com\/wp-content\/uploads\/2026\/01\/DSC06476-scaled.jpg","contentUrl":"https:\/\/gaiastudioofficial.com\/wp-content\/uploads\/2026\/01\/DSC06476-scaled.jpg","width":1707,"height":2560},{"@type":"BreadcrumbList","@id":"https:\/\/gaiastudioofficial.com\/urun\/gaia-midnight-mini-skirt\/#breadcrumb","itemListElement":[{"@type":"ListItem","position":1,"name":"Anasayfa","item":"https:\/\/gaiastudioofficial.com\/"},{"@type":"ListItem","position":2,"name":"\u00dcr\u00fcnler","item":"https:\/\/gaiastudioofficial.com\/shop\/"},{"@type":"ListItem","position":3,"name":"MIDNIGT MINI SKIRT"}]},{"@type":"WebSite","@id":"https:\/\/gaiastudioofficial.com\/#website","url":"https:\/\/gaiastudioofficial.com\/","name":"Gaia Studio","description":"","publisher":{"@id":"https:\/\/gaiastudioofficial.com\/#organization"},"potentialAction":[{"@type":"SearchAction","target":{"@type":"EntryPoint","urlTemplate":"https:\/\/gaiastudioofficial.com\/?s={search_term_string}"},"query-input":{"@type":"PropertyValueSpecification","valueRequired":true,"valueName":"search_term_string"}}],"inLanguage":"en-US"},{"@type":"Organization","@id":"https:\/\/gaiastudioofficial.com\/#organization","name":"Gaia Studio","url":"https:\/\/gaiastudioofficial.com\/","logo":{"@type":"ImageObject","inLanguage":"en-US","@id":"https:\/\/gaiastudioofficial.com\/#\/schema\/logo\/image\/","url":"https:\/\/gaiastudioofficial.com\/wp-content\/uploads\/2024\/08\/2-1-e1762222663606.png","contentUrl":"https:\/\/gaiastudioofficial.com\/wp-content\/uploads\/2024\/08\/2-1-e1762222663606.png","width":563,"height":373,"caption":"Gaia Studio"},"image":{"@id":"https:\/\/gaiastudioofficial.com\/#\/schema\/logo\/image\/"}}]}},"_links":{"self":[{"href":"https:\/\/gaiastudioofficial.com\/en\/wp-json\/wp\/v2\/product\/6643","targetHints":{"allow":["GET"]}}],"collection":[{"href":"https:\/\/gaiastudioofficial.com\/en\/wp-json\/wp\/v2\/product"}],"about":[{"href":"https:\/\/gaiastudioofficial.com\/en\/wp-json\/wp\/v2\/types\/product"}],"replies":[{"embeddable":true,"href":"https:\/\/gaiastudioofficial.com\/en\/wp-json\/wp\/v2\/comments?post=6643"}],"wp:featuredmedia":[{"embeddable":true,"href":"https:\/\/gaiastudioofficial.com\/en\/wp-json\/wp\/v2\/media\/6501"}],"wp:attachment":[{"href":"https:\/\/gaiastudioofficial.com\/en\/wp-json\/wp\/v2\/media?parent=6643"}],"wp:term":[{"taxonomy":"product_brand","embeddable":true,"href":"https:\/\/gaiastudioofficial.com\/en\/wp-json\/wp\/v2\/product_brand?post=6643"},{"taxonomy":"product_cat","embeddable":true,"href":"https:\/\/gaiastudioofficial.com\/en\/wp-json\/wp\/v2\/product_cat?post=6643"},{"taxonomy":"product_tag","embeddable":true,"href":"https:\/\/gaiastudioofficial.com\/en\/wp-json\/wp\/v2\/product_tag?post=6643"}],"curies":[{"name":"wp","href":"https:\/\/api.w.org\/{rel}","templated":true}]}}