{"id":6642,"date":"2026-01-27T03:18:36","date_gmt":"2026-01-27T00:18:36","guid":{"rendered":"https:\/\/gaiastudioofficial.com\/?post_type=product&#038;p=6642"},"modified":"2026-02-17T21:45:39","modified_gmt":"2026-02-17T18:45:39","slug":"gaia-olive-corset","status":"publish","type":"product","link":"https:\/\/gaiastudioofficial.com\/en\/product\/gaia-olive-corset\/","title":{"rendered":"GAIA OLIVE CORSET"},"content":{"rendered":"<p>Olive Corset combines the sophisticated energy of an olive hue with a modern corsage shape. The body-sculpting construction accentuates feminine lines, while the tie detail at the back allows you to adjust the fit, while satin lacing at the shoulders softens the look. The minimal front creates a strong, clean line.<\/p>\n<p>Balanced with basic pieces during the day. Assertive with sequined bottoms at night.<\/p>","protected":false},"excerpt":{"rendered":"<p>Olive Corset combines the sophisticated energy of an olive hue with a modern corsage shape. The body-sculpting construction accentuates feminine lines, while the tie detail at the back allows you to adjust the fit, while satin lacing at the shoulders softens the look. The minimal front creates a strong, clean line. Balanced with basics by day and assertive with sequined bottoms by night.<\/p>","protected":false},"featured_media":6498,"comment_status":"closed","ping_status":"closed","template":"","meta":[],"product_brand":[],"product_cat":[74],"product_tag":[],"class_list":{"0":"post-6642","1":"product","2":"type-product","3":"status-publish","4":"has-post-thumbnail","6":"product_cat-ust-giyim","8":"first","9":"instock","10":"shipping-taxable","11":"purchasable","12":"product-type-variable"},"yoast_head":"<!-- This site is optimized with the Yoast SEO plugin v26.3 - https:\/\/yoast.com\/wordpress\/plugins\/seo\/ -->\n<title>GAIA OLIVE CORSET - Gaia Studio<\/title>\n<meta name=\"robots\" content=\"index, follow, max-snippet:-1, max-image-preview:large, max-video-preview:-1\" \/>\n<link rel=\"canonical\" href=\"https:\/\/gaiastudioofficial.com\/en\/product\/gaia-olive-corset\/\" \/>\n<meta property=\"og:locale\" content=\"en_US\" \/>\n<meta property=\"og:type\" content=\"article\" \/>\n<meta property=\"og:title\" content=\"GAIA OLIVE CORSET - Gaia Studio\" \/>\n<meta property=\"og:description\" content=\"Olive Corset, zeytin tonunun sofistike enerjisini modern korsaj formuyla birle\u015ftirir. V\u00fccudu \u015fekillendiren yap\u0131s\u0131 feminen hatlar\u0131 belirginle\u015ftirirken, arkadaki ba\u011flama detay\u0131 fit g\u00f6r\u00fcn\u00fcm\u00fc ayarlama imk\u00e2n\u0131 sunar.Omuzlardaki saten ba\u011fc\u0131klar g\u00f6r\u00fcn\u00fcm\u00fc yumu\u015fat\u0131r. Minimal \u00f6n y\u00fczey ise g\u00fc\u00e7l\u00fc ve temiz bir \u00e7izgi yarat\u0131r. G\u00fcnd\u00fcz basic par\u00e7alarla dengeli.Gece payetli altlarla iddial\u0131.\" \/>\n<meta property=\"og:url\" content=\"https:\/\/gaiastudioofficial.com\/en\/product\/gaia-olive-corset\/\" \/>\n<meta property=\"og:site_name\" content=\"Gaia Studio\" \/>\n<meta property=\"article:modified_time\" content=\"2026-02-17T18:45:39+00:00\" \/>\n<meta property=\"og:image\" content=\"https:\/\/gaiastudioofficial.com\/wp-content\/uploads\/2026\/01\/DSC06521-scaled.jpg\" \/>\n\t<meta property=\"og:image:width\" content=\"1707\" \/>\n\t<meta property=\"og:image:height\" content=\"2560\" \/>\n\t<meta property=\"og:image:type\" content=\"image\/jpeg\" \/>\n<meta name=\"twitter:card\" content=\"summary_large_image\" \/>\n<meta name=\"twitter:label1\" content=\"Est. reading time\" \/>\n\t<meta name=\"twitter:data1\" content=\"1 minute\" \/>\n<script type=\"application\/ld+json\" class=\"yoast-schema-graph\">{\"@context\":\"https:\/\/schema.org\",\"@graph\":[{\"@type\":\"WebPage\",\"@id\":\"https:\/\/gaiastudioofficial.com\/urun\/gaia-olive-corset\/\",\"url\":\"https:\/\/gaiastudioofficial.com\/urun\/gaia-olive-corset\/\",\"name\":\"GAIA OLIVE CORSET - Gaia Studio\",\"isPartOf\":{\"@id\":\"https:\/\/gaiastudioofficial.com\/#website\"},\"primaryImageOfPage\":{\"@id\":\"https:\/\/gaiastudioofficial.com\/urun\/gaia-olive-corset\/#primaryimage\"},\"image\":{\"@id\":\"https:\/\/gaiastudioofficial.com\/urun\/gaia-olive-corset\/#primaryimage\"},\"thumbnailUrl\":\"https:\/\/gaiastudioofficial.com\/wp-content\/uploads\/2026\/01\/DSC06521-scaled.jpg\",\"datePublished\":\"2026-01-27T00:18:36+00:00\",\"dateModified\":\"2026-02-17T18:45:39+00:00\",\"breadcrumb\":{\"@id\":\"https:\/\/gaiastudioofficial.com\/urun\/gaia-olive-corset\/#breadcrumb\"},\"inLanguage\":\"en-US\",\"potentialAction\":[{\"@type\":\"ReadAction\",\"target\":[\"https:\/\/gaiastudioofficial.com\/urun\/gaia-olive-corset\/\"]}]},{\"@type\":\"ImageObject\",\"inLanguage\":\"en-US\",\"@id\":\"https:\/\/gaiastudioofficial.com\/urun\/gaia-olive-corset\/#primaryimage\",\"url\":\"https:\/\/gaiastudioofficial.com\/wp-content\/uploads\/2026\/01\/DSC06521-scaled.jpg\",\"contentUrl\":\"https:\/\/gaiastudioofficial.com\/wp-content\/uploads\/2026\/01\/DSC06521-scaled.jpg\",\"width\":1707,\"height\":2560},{\"@type\":\"BreadcrumbList\",\"@id\":\"https:\/\/gaiastudioofficial.com\/urun\/gaia-olive-corset\/#breadcrumb\",\"itemListElement\":[{\"@type\":\"ListItem\",\"position\":1,\"name\":\"Anasayfa\",\"item\":\"https:\/\/gaiastudioofficial.com\/\"},{\"@type\":\"ListItem\",\"position\":2,\"name\":\"\u00dcr\u00fcnler\",\"item\":\"https:\/\/gaiastudioofficial.com\/shop\/\"},{\"@type\":\"ListItem\",\"position\":3,\"name\":\"GAIA OLIVE CORSET\"}]},{\"@type\":\"WebSite\",\"@id\":\"https:\/\/gaiastudioofficial.com\/#website\",\"url\":\"https:\/\/gaiastudioofficial.com\/\",\"name\":\"Gaia Studio\",\"description\":\"\",\"publisher\":{\"@id\":\"https:\/\/gaiastudioofficial.com\/#organization\"},\"potentialAction\":[{\"@type\":\"SearchAction\",\"target\":{\"@type\":\"EntryPoint\",\"urlTemplate\":\"https:\/\/gaiastudioofficial.com\/?s={search_term_string}\"},\"query-input\":{\"@type\":\"PropertyValueSpecification\",\"valueRequired\":true,\"valueName\":\"search_term_string\"}}],\"inLanguage\":\"en-US\"},{\"@type\":\"Organization\",\"@id\":\"https:\/\/gaiastudioofficial.com\/#organization\",\"name\":\"Gaia Studio\",\"url\":\"https:\/\/gaiastudioofficial.com\/\",\"logo\":{\"@type\":\"ImageObject\",\"inLanguage\":\"en-US\",\"@id\":\"https:\/\/gaiastudioofficial.com\/#\/schema\/logo\/image\/\",\"url\":\"https:\/\/gaiastudioofficial.com\/wp-content\/uploads\/2024\/08\/2-1-e1762222663606.png\",\"contentUrl\":\"https:\/\/gaiastudioofficial.com\/wp-content\/uploads\/2024\/08\/2-1-e1762222663606.png\",\"width\":563,\"height\":373,\"caption\":\"Gaia Studio\"},\"image\":{\"@id\":\"https:\/\/gaiastudioofficial.com\/#\/schema\/logo\/image\/\"}}]}<\/script>\n<!-- \/ Yoast SEO plugin. -->","yoast_head_json":{"title":"GAIA OLIVE CORSET - Gaia Studio","robots":{"index":"index","follow":"follow","max-snippet":"max-snippet:-1","max-image-preview":"max-image-preview:large","max-video-preview":"max-video-preview:-1"},"canonical":"https:\/\/gaiastudioofficial.com\/en\/product\/gaia-olive-corset\/","og_locale":"en_US","og_type":"article","og_title":"GAIA OLIVE CORSET - Gaia Studio","og_description":"Olive Corset, zeytin tonunun sofistike enerjisini modern korsaj formuyla birle\u015ftirir. V\u00fccudu \u015fekillendiren yap\u0131s\u0131 feminen hatlar\u0131 belirginle\u015ftirirken, arkadaki ba\u011flama detay\u0131 fit g\u00f6r\u00fcn\u00fcm\u00fc ayarlama imk\u00e2n\u0131 sunar.Omuzlardaki saten ba\u011fc\u0131klar g\u00f6r\u00fcn\u00fcm\u00fc yumu\u015fat\u0131r. Minimal \u00f6n y\u00fczey ise g\u00fc\u00e7l\u00fc ve temiz bir \u00e7izgi yarat\u0131r. G\u00fcnd\u00fcz basic par\u00e7alarla dengeli.Gece payetli altlarla iddial\u0131.","og_url":"https:\/\/gaiastudioofficial.com\/en\/product\/gaia-olive-corset\/","og_site_name":"Gaia Studio","article_modified_time":"2026-02-17T18:45:39+00:00","og_image":[{"width":1707,"height":2560,"url":"https:\/\/gaiastudioofficial.com\/wp-content\/uploads\/2026\/01\/DSC06521-scaled.jpg","type":"image\/jpeg"}],"twitter_card":"summary_large_image","twitter_misc":{"Est. reading time":"1 minute"},"schema":{"@context":"https:\/\/schema.org","@graph":[{"@type":"WebPage","@id":"https:\/\/gaiastudioofficial.com\/urun\/gaia-olive-corset\/","url":"https:\/\/gaiastudioofficial.com\/urun\/gaia-olive-corset\/","name":"GAIA OLIVE CORSET - Gaia Studio","isPartOf":{"@id":"https:\/\/gaiastudioofficial.com\/#website"},"primaryImageOfPage":{"@id":"https:\/\/gaiastudioofficial.com\/urun\/gaia-olive-corset\/#primaryimage"},"image":{"@id":"https:\/\/gaiastudioofficial.com\/urun\/gaia-olive-corset\/#primaryimage"},"thumbnailUrl":"https:\/\/gaiastudioofficial.com\/wp-content\/uploads\/2026\/01\/DSC06521-scaled.jpg","datePublished":"2026-01-27T00:18:36+00:00","dateModified":"2026-02-17T18:45:39+00:00","breadcrumb":{"@id":"https:\/\/gaiastudioofficial.com\/urun\/gaia-olive-corset\/#breadcrumb"},"inLanguage":"en-US","potentialAction":[{"@type":"ReadAction","target":["https:\/\/gaiastudioofficial.com\/urun\/gaia-olive-corset\/"]}]},{"@type":"ImageObject","inLanguage":"en-US","@id":"https:\/\/gaiastudioofficial.com\/urun\/gaia-olive-corset\/#primaryimage","url":"https:\/\/gaiastudioofficial.com\/wp-content\/uploads\/2026\/01\/DSC06521-scaled.jpg","contentUrl":"https:\/\/gaiastudioofficial.com\/wp-content\/uploads\/2026\/01\/DSC06521-scaled.jpg","width":1707,"height":2560},{"@type":"BreadcrumbList","@id":"https:\/\/gaiastudioofficial.com\/urun\/gaia-olive-corset\/#breadcrumb","itemListElement":[{"@type":"ListItem","position":1,"name":"Anasayfa","item":"https:\/\/gaiastudioofficial.com\/"},{"@type":"ListItem","position":2,"name":"\u00dcr\u00fcnler","item":"https:\/\/gaiastudioofficial.com\/shop\/"},{"@type":"ListItem","position":3,"name":"GAIA OLIVE CORSET"}]},{"@type":"WebSite","@id":"https:\/\/gaiastudioofficial.com\/#website","url":"https:\/\/gaiastudioofficial.com\/","name":"Gaia Studio","description":"","publisher":{"@id":"https:\/\/gaiastudioofficial.com\/#organization"},"potentialAction":[{"@type":"SearchAction","target":{"@type":"EntryPoint","urlTemplate":"https:\/\/gaiastudioofficial.com\/?s={search_term_string}"},"query-input":{"@type":"PropertyValueSpecification","valueRequired":true,"valueName":"search_term_string"}}],"inLanguage":"en-US"},{"@type":"Organization","@id":"https:\/\/gaiastudioofficial.com\/#organization","name":"Gaia Studio","url":"https:\/\/gaiastudioofficial.com\/","logo":{"@type":"ImageObject","inLanguage":"en-US","@id":"https:\/\/gaiastudioofficial.com\/#\/schema\/logo\/image\/","url":"https:\/\/gaiastudioofficial.com\/wp-content\/uploads\/2024\/08\/2-1-e1762222663606.png","contentUrl":"https:\/\/gaiastudioofficial.com\/wp-content\/uploads\/2024\/08\/2-1-e1762222663606.png","width":563,"height":373,"caption":"Gaia Studio"},"image":{"@id":"https:\/\/gaiastudioofficial.com\/#\/schema\/logo\/image\/"}}]}},"_links":{"self":[{"href":"https:\/\/gaiastudioofficial.com\/en\/wp-json\/wp\/v2\/product\/6642","targetHints":{"allow":["GET"]}}],"collection":[{"href":"https:\/\/gaiastudioofficial.com\/en\/wp-json\/wp\/v2\/product"}],"about":[{"href":"https:\/\/gaiastudioofficial.com\/en\/wp-json\/wp\/v2\/types\/product"}],"replies":[{"embeddable":true,"href":"https:\/\/gaiastudioofficial.com\/en\/wp-json\/wp\/v2\/comments?post=6642"}],"wp:featuredmedia":[{"embeddable":true,"href":"https:\/\/gaiastudioofficial.com\/en\/wp-json\/wp\/v2\/media\/6498"}],"wp:attachment":[{"href":"https:\/\/gaiastudioofficial.com\/en\/wp-json\/wp\/v2\/media?parent=6642"}],"wp:term":[{"taxonomy":"product_brand","embeddable":true,"href":"https:\/\/gaiastudioofficial.com\/en\/wp-json\/wp\/v2\/product_brand?post=6642"},{"taxonomy":"product_cat","embeddable":true,"href":"https:\/\/gaiastudioofficial.com\/en\/wp-json\/wp\/v2\/product_cat?post=6642"},{"taxonomy":"product_tag","embeddable":true,"href":"https:\/\/gaiastudioofficial.com\/en\/wp-json\/wp\/v2\/product_tag?post=6642"}],"curies":[{"name":"wp","href":"https:\/\/api.w.org\/{rel}","templated":true}]}}