{"id":6159,"date":"2025-11-14T04:05:49","date_gmt":"2025-11-14T01:05:49","guid":{"rendered":"https:\/\/gaiastudioofficial.com\/?page_id=6159"},"modified":"2025-11-14T04:08:57","modified_gmt":"2025-11-14T01:08:57","slug":"beden-tablosu","status":"publish","type":"page","link":"https:\/\/gaiastudioofficial.com\/en\/size-chart\/","title":{"rendered":"Size Chart"},"content":{"rendered":"<div data-elementor-type=\"wp-page\" data-elementor-id=\"6159\" class=\"elementor elementor-6159\">\n\t\t\t\t<div class=\"elementor-element elementor-element-f0c432e e-flex e-con-boxed ecomus-responsive-column ecomus-tablet-column--default ecomus-responsive-column ecomus-mobile-column--default ecomus-responsive-column ecomus-motion--var(--position) e-con e-parent\" data-id=\"f0c432e\" data-element_type=\"container\">\n\t\t\t\t\t<div class=\"e-con-inner\">\n\t\t<div class=\"elementor-element elementor-element-20b2d96 e-con-full e-flex ecomus-responsive-column ecomus-tablet-column--default ecomus-responsive-column ecomus-mobile-column--default ecomus-responsive-column ecomus-motion--var(--position) e-con e-child\" data-id=\"20b2d96\" data-element_type=\"container\">\n\t\t\t\t<div class=\"elementor-element elementor-element-22906db elementor-widget elementor-widget-text-editor\" data-id=\"22906db\" data-element_type=\"widget\" data-widget_type=\"text-editor.default\">\n\t\t\t\t\t\t\t\t\t<p>SIZE SELECTION<\/p><p>Gaia Studio products are produced in S - M - L - XL size range.<br \/>You can benefit from the Size Catalog on our website to make the right size selection.<br \/>By examining the catalog and choosing the size that best suits your body size, it will make the change process easier.<\/p><p>In addition, special orders can be produced in personalized sizes.<br \/>You can contact us for such orders:<br \/>\ud83d\udce9 <a href=\"mailto:info@gaiastudioofficial.com\">info@gaiastudioofficial.com<\/a><\/p><p><img fetchpriority=\"high\" decoding=\"async\" class=\"size-large wp-image-6161 aligncenter\" src=\"https:\/\/gaiastudioofficial.com\/wp-content\/uploads\/2025\/11\/WhatsApp-Image-2025-11-13-at-20.41.43-1-826x1024.jpeg\" alt=\"\" width=\"826\" height=\"1024\" srcset=\"https:\/\/gaiastudioofficial.com\/wp-content\/uploads\/2025\/11\/WhatsApp-Image-2025-11-13-at-20.41.43-1-826x1024.jpeg 826w, https:\/\/gaiastudioofficial.com\/wp-content\/uploads\/2025\/11\/WhatsApp-Image-2025-11-13-at-20.41.43-1-242x300.jpeg 242w, https:\/\/gaiastudioofficial.com\/wp-content\/uploads\/2025\/11\/WhatsApp-Image-2025-11-13-at-20.41.43-1-768x952.jpeg 768w, https:\/\/gaiastudioofficial.com\/wp-content\/uploads\/2025\/11\/WhatsApp-Image-2025-11-13-at-20.41.43-1-600x744.jpeg 600w, https:\/\/gaiastudioofficial.com\/wp-content\/uploads\/2025\/11\/WhatsApp-Image-2025-11-13-at-20.41.43-1-130x161.jpeg 130w, https:\/\/gaiastudioofficial.com\/wp-content\/uploads\/2025\/11\/WhatsApp-Image-2025-11-13-at-20.41.43-1.jpeg 1024w\" sizes=\"(max-width: 826px) 100vw, 826px\" \/><\/p>\t\t\t\t\t\t\t\t<\/div>\n\t\t\t\t<\/div>\n\t\t\t\t\t<\/div>\n\t\t\t\t<\/div>\n\t\t\t\t<\/div>","protected":false},"excerpt":{"rendered":"<p>SIZE CHOICE Gaia Studio products are produced in the S - M - L - XL size range. You can benefit from the Size Catalog on our website to make the right size choice. By reviewing the catalog, choosing the size that best suits your body size will facilitate the change process. In addition, special orders can be produced in personalized sizes. You can contact us for such orders:\ud83d\udce9 info@gaiastudioofficial.com<\/p>","protected":false},"author":1,"featured_media":0,"parent":0,"menu_order":0,"comment_status":"closed","ping_status":"closed","template":"","meta":{"footnotes":""},"class_list":["post-6159","page","type-page","status-publish","hentry"],"yoast_head":"<!-- This site is optimized with the Yoast SEO plugin v26.3 - https:\/\/yoast.com\/wordpress\/plugins\/seo\/ -->\n<title>Beden Tablosu - Gaia Studio<\/title>\n<meta name=\"robots\" content=\"index, follow, max-snippet:-1, max-image-preview:large, max-video-preview:-1\" \/>\n<link rel=\"canonical\" href=\"https:\/\/gaiastudioofficial.com\/en\/size-chart\/\" \/>\n<meta property=\"og:locale\" content=\"en_US\" \/>\n<meta property=\"og:type\" content=\"article\" \/>\n<meta property=\"og:title\" content=\"Beden Tablosu - Gaia Studio\" \/>\n<meta property=\"og:description\" content=\"BEDEN SE\u00c7\u0130M\u0130 Gaia Studio \u00fcr\u00fcnleri S \u2013 M \u2013 L \u2013 XL beden aral\u0131\u011f\u0131nda \u00fcretilmektedir.Do\u011fru beden se\u00e7imi yapman\u0131z i\u00e7in web sitemizde yer alan Beden Katalo\u011fundan faydalanabilirsiniz.Katalo\u011fu inceleyerek v\u00fccut \u00f6l\u00e7\u00fclerinize en uygun bedeni se\u00e7meniz, de\u011fi\u015fim s\u00fcrecini kolayla\u015ft\u0131racakt\u0131r. Ayr\u0131ca \u00f6zel sipari\u015flerde, ki\u015fiye \u00f6zel \u00f6l\u00e7\u00fclerde \u00fcretim yap\u0131labilmektedir.Bu t\u00fcr sipari\u015fler i\u00e7in bizimle ileti\u015fime ge\u00e7ebilirsiniz:\ud83d\udce9 info@gaiastudioofficial.com\" \/>\n<meta property=\"og:url\" content=\"https:\/\/gaiastudioofficial.com\/en\/size-chart\/\" \/>\n<meta property=\"og:site_name\" content=\"Gaia Studio\" \/>\n<meta property=\"article:modified_time\" content=\"2025-11-14T01:08:57+00:00\" \/>\n<meta property=\"og:image\" content=\"https:\/\/gaiastudioofficial.com\/wp-content\/uploads\/2025\/11\/WhatsApp-Image-2025-11-13-at-20.41.43-1-826x1024.jpeg\" \/>\n<meta name=\"twitter:card\" content=\"summary_large_image\" \/>\n<meta name=\"twitter:label1\" content=\"Est. reading time\" \/>\n\t<meta name=\"twitter:data1\" content=\"1 minute\" \/>\n<script type=\"application\/ld+json\" class=\"yoast-schema-graph\">{\"@context\":\"https:\/\/schema.org\",\"@graph\":[{\"@type\":\"WebPage\",\"@id\":\"https:\/\/gaiastudioofficial.com\/beden-tablosu\/\",\"url\":\"https:\/\/gaiastudioofficial.com\/beden-tablosu\/\",\"name\":\"Beden Tablosu - Gaia Studio\",\"isPartOf\":{\"@id\":\"https:\/\/gaiastudioofficial.com\/#website\"},\"primaryImageOfPage\":{\"@id\":\"https:\/\/gaiastudioofficial.com\/beden-tablosu\/#primaryimage\"},\"image\":{\"@id\":\"https:\/\/gaiastudioofficial.com\/beden-tablosu\/#primaryimage\"},\"thumbnailUrl\":\"https:\/\/gaiastudioofficial.com\/wp-content\/uploads\/2025\/11\/WhatsApp-Image-2025-11-13-at-20.41.43-1-826x1024.jpeg\",\"datePublished\":\"2025-11-14T01:05:49+00:00\",\"dateModified\":\"2025-11-14T01:08:57+00:00\",\"breadcrumb\":{\"@id\":\"https:\/\/gaiastudioofficial.com\/beden-tablosu\/#breadcrumb\"},\"inLanguage\":\"en-US\",\"potentialAction\":[{\"@type\":\"ReadAction\",\"target\":[\"https:\/\/gaiastudioofficial.com\/beden-tablosu\/\"]}]},{\"@type\":\"ImageObject\",\"inLanguage\":\"en-US\",\"@id\":\"https:\/\/gaiastudioofficial.com\/beden-tablosu\/#primaryimage\",\"url\":\"https:\/\/gaiastudioofficial.com\/wp-content\/uploads\/2025\/11\/WhatsApp-Image-2025-11-13-at-20.41.43-1-826x1024.jpeg\",\"contentUrl\":\"https:\/\/gaiastudioofficial.com\/wp-content\/uploads\/2025\/11\/WhatsApp-Image-2025-11-13-at-20.41.43-1-826x1024.jpeg\"},{\"@type\":\"BreadcrumbList\",\"@id\":\"https:\/\/gaiastudioofficial.com\/beden-tablosu\/#breadcrumb\",\"itemListElement\":[{\"@type\":\"ListItem\",\"position\":1,\"name\":\"Anasayfa\",\"item\":\"https:\/\/gaiastudioofficial.com\/\"},{\"@type\":\"ListItem\",\"position\":2,\"name\":\"Beden Tablosu\"}]},{\"@type\":\"WebSite\",\"@id\":\"https:\/\/gaiastudioofficial.com\/#website\",\"url\":\"https:\/\/gaiastudioofficial.com\/\",\"name\":\"Gaia Studio\",\"description\":\"\",\"publisher\":{\"@id\":\"https:\/\/gaiastudioofficial.com\/#organization\"},\"potentialAction\":[{\"@type\":\"SearchAction\",\"target\":{\"@type\":\"EntryPoint\",\"urlTemplate\":\"https:\/\/gaiastudioofficial.com\/?s={search_term_string}\"},\"query-input\":{\"@type\":\"PropertyValueSpecification\",\"valueRequired\":true,\"valueName\":\"search_term_string\"}}],\"inLanguage\":\"en-US\"},{\"@type\":\"Organization\",\"@id\":\"https:\/\/gaiastudioofficial.com\/#organization\",\"name\":\"Gaia Studio\",\"url\":\"https:\/\/gaiastudioofficial.com\/\",\"logo\":{\"@type\":\"ImageObject\",\"inLanguage\":\"en-US\",\"@id\":\"https:\/\/gaiastudioofficial.com\/#\/schema\/logo\/image\/\",\"url\":\"https:\/\/gaiastudioofficial.com\/wp-content\/uploads\/2024\/08\/2-1-e1762222663606.png\",\"contentUrl\":\"https:\/\/gaiastudioofficial.com\/wp-content\/uploads\/2024\/08\/2-1-e1762222663606.png\",\"width\":563,\"height\":373,\"caption\":\"Gaia Studio\"},\"image\":{\"@id\":\"https:\/\/gaiastudioofficial.com\/#\/schema\/logo\/image\/\"}}]}<\/script>\n<!-- \/ Yoast SEO plugin. -->","yoast_head_json":{"title":"Beden Tablosu - Gaia Studio","robots":{"index":"index","follow":"follow","max-snippet":"max-snippet:-1","max-image-preview":"max-image-preview:large","max-video-preview":"max-video-preview:-1"},"canonical":"https:\/\/gaiastudioofficial.com\/en\/size-chart\/","og_locale":"en_US","og_type":"article","og_title":"Beden Tablosu - Gaia Studio","og_description":"BEDEN SE\u00c7\u0130M\u0130 Gaia Studio \u00fcr\u00fcnleri S \u2013 M \u2013 L \u2013 XL beden aral\u0131\u011f\u0131nda \u00fcretilmektedir.Do\u011fru beden se\u00e7imi yapman\u0131z i\u00e7in web sitemizde yer alan Beden Katalo\u011fundan faydalanabilirsiniz.Katalo\u011fu inceleyerek v\u00fccut \u00f6l\u00e7\u00fclerinize en uygun bedeni se\u00e7meniz, de\u011fi\u015fim s\u00fcrecini kolayla\u015ft\u0131racakt\u0131r. Ayr\u0131ca \u00f6zel sipari\u015flerde, ki\u015fiye \u00f6zel \u00f6l\u00e7\u00fclerde \u00fcretim yap\u0131labilmektedir.Bu t\u00fcr sipari\u015fler i\u00e7in bizimle ileti\u015fime ge\u00e7ebilirsiniz:\ud83d\udce9 info@gaiastudioofficial.com","og_url":"https:\/\/gaiastudioofficial.com\/en\/size-chart\/","og_site_name":"Gaia Studio","article_modified_time":"2025-11-14T01:08:57+00:00","og_image":[{"url":"https:\/\/gaiastudioofficial.com\/wp-content\/uploads\/2025\/11\/WhatsApp-Image-2025-11-13-at-20.41.43-1-826x1024.jpeg","type":"","width":"","height":""}],"twitter_card":"summary_large_image","twitter_misc":{"Est. reading time":"1 minute"},"schema":{"@context":"https:\/\/schema.org","@graph":[{"@type":"WebPage","@id":"https:\/\/gaiastudioofficial.com\/beden-tablosu\/","url":"https:\/\/gaiastudioofficial.com\/beden-tablosu\/","name":"Beden Tablosu - Gaia Studio","isPartOf":{"@id":"https:\/\/gaiastudioofficial.com\/#website"},"primaryImageOfPage":{"@id":"https:\/\/gaiastudioofficial.com\/beden-tablosu\/#primaryimage"},"image":{"@id":"https:\/\/gaiastudioofficial.com\/beden-tablosu\/#primaryimage"},"thumbnailUrl":"https:\/\/gaiastudioofficial.com\/wp-content\/uploads\/2025\/11\/WhatsApp-Image-2025-11-13-at-20.41.43-1-826x1024.jpeg","datePublished":"2025-11-14T01:05:49+00:00","dateModified":"2025-11-14T01:08:57+00:00","breadcrumb":{"@id":"https:\/\/gaiastudioofficial.com\/beden-tablosu\/#breadcrumb"},"inLanguage":"en-US","potentialAction":[{"@type":"ReadAction","target":["https:\/\/gaiastudioofficial.com\/beden-tablosu\/"]}]},{"@type":"ImageObject","inLanguage":"en-US","@id":"https:\/\/gaiastudioofficial.com\/beden-tablosu\/#primaryimage","url":"https:\/\/gaiastudioofficial.com\/wp-content\/uploads\/2025\/11\/WhatsApp-Image-2025-11-13-at-20.41.43-1-826x1024.jpeg","contentUrl":"https:\/\/gaiastudioofficial.com\/wp-content\/uploads\/2025\/11\/WhatsApp-Image-2025-11-13-at-20.41.43-1-826x1024.jpeg"},{"@type":"BreadcrumbList","@id":"https:\/\/gaiastudioofficial.com\/beden-tablosu\/#breadcrumb","itemListElement":[{"@type":"ListItem","position":1,"name":"Anasayfa","item":"https:\/\/gaiastudioofficial.com\/"},{"@type":"ListItem","position":2,"name":"Beden Tablosu"}]},{"@type":"WebSite","@id":"https:\/\/gaiastudioofficial.com\/#website","url":"https:\/\/gaiastudioofficial.com\/","name":"Gaia Studio","description":"","publisher":{"@id":"https:\/\/gaiastudioofficial.com\/#organization"},"potentialAction":[{"@type":"SearchAction","target":{"@type":"EntryPoint","urlTemplate":"https:\/\/gaiastudioofficial.com\/?s={search_term_string}"},"query-input":{"@type":"PropertyValueSpecification","valueRequired":true,"valueName":"search_term_string"}}],"inLanguage":"en-US"},{"@type":"Organization","@id":"https:\/\/gaiastudioofficial.com\/#organization","name":"Gaia Studio","url":"https:\/\/gaiastudioofficial.com\/","logo":{"@type":"ImageObject","inLanguage":"en-US","@id":"https:\/\/gaiastudioofficial.com\/#\/schema\/logo\/image\/","url":"https:\/\/gaiastudioofficial.com\/wp-content\/uploads\/2024\/08\/2-1-e1762222663606.png","contentUrl":"https:\/\/gaiastudioofficial.com\/wp-content\/uploads\/2024\/08\/2-1-e1762222663606.png","width":563,"height":373,"caption":"Gaia Studio"},"image":{"@id":"https:\/\/gaiastudioofficial.com\/#\/schema\/logo\/image\/"}}]}},"_links":{"self":[{"href":"https:\/\/gaiastudioofficial.com\/en\/wp-json\/wp\/v2\/pages\/6159","targetHints":{"allow":["GET"]}}],"collection":[{"href":"https:\/\/gaiastudioofficial.com\/en\/wp-json\/wp\/v2\/pages"}],"about":[{"href":"https:\/\/gaiastudioofficial.com\/en\/wp-json\/wp\/v2\/types\/page"}],"author":[{"embeddable":true,"href":"https:\/\/gaiastudioofficial.com\/en\/wp-json\/wp\/v2\/users\/1"}],"replies":[{"embeddable":true,"href":"https:\/\/gaiastudioofficial.com\/en\/wp-json\/wp\/v2\/comments?post=6159"}],"version-history":[{"count":7,"href":"https:\/\/gaiastudioofficial.com\/en\/wp-json\/wp\/v2\/pages\/6159\/revisions"}],"predecessor-version":[{"id":6167,"href":"https:\/\/gaiastudioofficial.com\/en\/wp-json\/wp\/v2\/pages\/6159\/revisions\/6167"}],"wp:attachment":[{"href":"https:\/\/gaiastudioofficial.com\/en\/wp-json\/wp\/v2\/media?parent=6159"}],"curies":[{"name":"wp","href":"https:\/\/api.w.org\/{rel}","templated":true}]}}