{"id":6150,"date":"2025-11-14T03:59:02","date_gmt":"2025-11-14T00:59:02","guid":{"rendered":"https:\/\/gaiastudioofficial.com\/?page_id=6150"},"modified":"2025-11-14T04:02:24","modified_gmt":"2025-11-14T01:02:24","slug":"mesafeli-satis-sozlesmesi","status":"publish","type":"page","link":"https:\/\/gaiastudioofficial.com\/en\/distance-sales-contract\/","title":{"rendered":"Distance Sales Contract"},"content":{"rendered":"<div data-elementor-type=\"wp-page\" data-elementor-id=\"6150\" class=\"elementor elementor-6150\">\n\t\t\t\t<div class=\"elementor-element elementor-element-f0c432e e-flex e-con-boxed ecomus-responsive-column ecomus-tablet-column--default ecomus-responsive-column ecomus-mobile-column--default ecomus-responsive-column ecomus-motion--var(--position) e-con e-parent\" data-id=\"f0c432e\" data-element_type=\"container\">\n\t\t\t\t\t<div class=\"e-con-inner\">\n\t\t<div class=\"elementor-element elementor-element-20b2d96 e-con-full e-flex ecomus-responsive-column ecomus-tablet-column--default ecomus-responsive-column ecomus-mobile-column--default ecomus-responsive-column ecomus-motion--var(--position) e-con e-child\" data-id=\"20b2d96\" data-element_type=\"container\">\n\t\t\t\t<div class=\"elementor-element elementor-element-fb4c2aa elementor-widget elementor-widget-ecomus-heading\" data-id=\"fb4c2aa\" data-element_type=\"widget\" data-widget_type=\"ecomus-heading.default\">\n\t\t\t\t<div class=\"elementor-widget-container\">\n\t\t\t\t\t\t\t<div class=\"ecomus-heading-elementor\">\n\t\t\t\t<h5 class=\"ecomus-heading em-flex em-flex-align-center ecomus-heading--default\">\n\t\t\t\t\t\t\t\t\t\tGAIA STUDIO - DISTANT SALES CONTRACT\n\t\t\t\t<\/h5>\n\t\t\t<\/div>\n\t\t\t\t\t\t<\/div>\n\t\t\t\t<\/div>\n\t\t\t\t<div class=\"elementor-element elementor-element-22906db elementor-widget elementor-widget-text-editor\" data-id=\"22906db\" data-element_type=\"widget\" data-widget_type=\"text-editor.default\">\n\t\t\t\t\t\t\t\t\t<div>Parties<\/div><div>Seller Gaia Studio (Sole Proprietorship)<\/div><div>Address Izmir \/ Urla<\/div><div>E-mail: info@gaiastudioofficial.com<\/div><div>\u00a0<\/div><div>Buyer The person who makes a purchase through the website.<\/div><div>\u00a0<\/div><div>\u2e3b<\/div><div>\u00a0<\/div><div>Article 1 - Subject<\/div><div>\u00a0<\/div><div>This contract determines the rights and obligations of the parties regarding the sale and delivery of the products ordered electronically by the Buyer from the Seller's website www.gaiastudioofficial.com. Law No. 6502 on Consumer Protection and the relevant Distance Contracts Regulation shall apply.<\/div><div>\u00a0<\/div><div>\u2e3b<\/div><div>\u00a0<\/div><div>Article 2 - Product and Order Information<\/div><div>\u00a0<\/div><div>The type of products, quantity, sales price including taxes, shipping cost, payment and delivery information are shown to the buyer before the order is completed.<\/div><div>\u00a0<\/div><div>\u2e3b<\/div><div>\u00a0<\/div><div>Article 3 - Delivery Conditions<\/div><div>1.Delivery time is between 2 - 7 working days.<\/div><div>2.Shipping fee is specified at the time of order.<\/div><div>3.Deliveries are made through third party cargo companies; Seller cannot be held responsible for delivery errors of the cargo company.<\/div><div>\u00a0<\/div><div>\u2e3b<\/div><div>\u00a0<\/div><div>Article 4 - Payment<\/div><div>\u00a0<\/div><div>Payment is made by credit card, debit card, iyzico or other methods specified on the site. The contract enters into force when the order is confirmed.<\/div><div>\u00a0<\/div><div>\u2e3b<\/div><div>\u00a0<\/div><div>Article 5 - Right of Withdrawal<\/div><div>1.The buyer may exercise the right of withdrawal within 14 days from the date of receipt of the product without specifying the reason.<\/div><div>2.The right of withdrawal does not apply to cosmetics, hygiene products, personalized production, products with broken or used labels.<\/div><div>3.Withdrawal notification must be made to info@gaiastudioofficial.com.<\/div><div>\u00a0<\/div><div>\u2e3b<\/div><div>\u00a0<\/div><div>Article 6 - Return Conditions<\/div><div>1.The product must be unused, unlabeled and in a resalable condition.<\/div><div>2.Return shipping fee belongs to the buyer (if there is no campaign).<\/div><div>3.The refund will be made within 14 days after the product reaches the Seller.<\/div><div>\u00a0<\/div><div>\u2e3b<\/div><div>\u00a0<\/div><div>Article 7 - Responsibilities of the Seller<\/div><div>1.Seller reserves the right to cancel the order due to stock problems, supply obstacles or force majeure.<\/div><div>2.In this case, the buyer will be notified and the payment will be refunded.<\/div><div>\u00a0<\/div><div>\u2e3b<\/div><div>\u00a0<\/div><div>Article 8 - Confidentiality and KVKK<\/div><div>\u00a0<\/div><div>Buyer information is protected within the scope of the KVKK and privacy policy in force and is not shared with third parties.<\/div><div>\u00a0<\/div><div>\u2e3b<\/div><div>\u00a0<\/div><div>Article 9 - Competent Court<\/div><div>\u00a0<\/div><div>In case of disputes, the Consumer Arbitration Committee and Consumer Courts in the settlement of the buyer are authorized.<\/div>\t\t\t\t\t\t\t\t<\/div>\n\t\t\t\t<\/div>\n\t\t\t\t\t<\/div>\n\t\t\t\t<\/div>\n\t\t\t\t<\/div>","protected":false},"excerpt":{"rendered":"<p>GAIA STUDIO \u2013 MESAFEL\u0130 SATI\u015e S\u00d6ZLE\u015eMES\u0130 TaraflarSat\u0131c\u0131: Gaia Studio (\u015eah\u0131s \u0130\u015fletmesi)Adres: \u0130zmir \/ UrlaE-posta: info@gaiastudioofficial.com\u00a0Al\u0131c\u0131: Web sitesi \u00fczerinden al\u0131\u015fveri\u015f yapan ki\u015fi.\u00a0\u2e3b\u00a0Madde 1 \u2013 Konu\u00a0Bu s\u00f6zle\u015fme, Al\u0131c\u0131\u2019n\u0131n Sat\u0131c\u0131\u2019ya ait www.gaiastudioofficial.com adresli internet sitesinden elektronik ortamda sipari\u015f verdi\u011fi \u00fcr\u00fcnlerin sat\u0131\u015f\u0131 ve teslimi ile ilgili taraflar\u0131n hak ve y\u00fck\u00fcml\u00fcl\u00fcklerini belirler. 6502 say\u0131l\u0131 T\u00fcketicinin Korunmas\u0131 Hakk\u0131nda Kanun ve ilgili [&hellip;]<\/p>","protected":false},"author":1,"featured_media":0,"parent":0,"menu_order":0,"comment_status":"closed","ping_status":"closed","template":"","meta":{"footnotes":""},"class_list":["post-6150","page","type-page","status-publish","hentry"],"yoast_head":"<!-- This site is optimized with the Yoast SEO plugin v26.3 - https:\/\/yoast.com\/wordpress\/plugins\/seo\/ -->\n<title>Mesafeli Sat\u0131\u015f S\u00f6zle\u015fmesi - Gaia Studio<\/title>\n<meta name=\"robots\" content=\"index, follow, max-snippet:-1, max-image-preview:large, max-video-preview:-1\" \/>\n<link rel=\"canonical\" href=\"https:\/\/gaiastudioofficial.com\/en\/distance-sales-contract\/\" \/>\n<meta property=\"og:locale\" content=\"en_US\" \/>\n<meta property=\"og:type\" content=\"article\" \/>\n<meta property=\"og:title\" content=\"Mesafeli Sat\u0131\u015f S\u00f6zle\u015fmesi - Gaia Studio\" \/>\n<meta property=\"og:description\" content=\"GAIA STUDIO \u2013 MESAFEL\u0130 SATI\u015e S\u00d6ZLE\u015eMES\u0130 TaraflarSat\u0131c\u0131: Gaia Studio (\u015eah\u0131s \u0130\u015fletmesi)Adres: \u0130zmir \/ UrlaE-posta: info@gaiastudioofficial.com\u00a0Al\u0131c\u0131: Web sitesi \u00fczerinden al\u0131\u015fveri\u015f yapan ki\u015fi.\u00a0\u2e3b\u00a0Madde 1 \u2013 Konu\u00a0Bu s\u00f6zle\u015fme, Al\u0131c\u0131\u2019n\u0131n Sat\u0131c\u0131\u2019ya ait www.gaiastudioofficial.com adresli internet sitesinden elektronik ortamda sipari\u015f verdi\u011fi \u00fcr\u00fcnlerin sat\u0131\u015f\u0131 ve teslimi ile ilgili taraflar\u0131n hak ve y\u00fck\u00fcml\u00fcl\u00fcklerini belirler. 6502 say\u0131l\u0131 T\u00fcketicinin Korunmas\u0131 Hakk\u0131nda Kanun ve ilgili [&hellip;]\" \/>\n<meta property=\"og:url\" content=\"https:\/\/gaiastudioofficial.com\/en\/distance-sales-contract\/\" \/>\n<meta property=\"og:site_name\" content=\"Gaia Studio\" \/>\n<meta property=\"article:modified_time\" content=\"2025-11-14T01:02:24+00:00\" \/>\n<meta name=\"twitter:card\" content=\"summary_large_image\" \/>\n<meta name=\"twitter:label1\" content=\"Est. reading time\" \/>\n\t<meta name=\"twitter:data1\" content=\"1 minute\" \/>\n<script type=\"application\/ld+json\" class=\"yoast-schema-graph\">{\"@context\":\"https:\/\/schema.org\",\"@graph\":[{\"@type\":\"WebPage\",\"@id\":\"https:\/\/gaiastudioofficial.com\/mesafeli-satis-sozlesmesi\/\",\"url\":\"https:\/\/gaiastudioofficial.com\/mesafeli-satis-sozlesmesi\/\",\"name\":\"Mesafeli Sat\u0131\u015f S\u00f6zle\u015fmesi - Gaia Studio\",\"isPartOf\":{\"@id\":\"https:\/\/gaiastudioofficial.com\/#website\"},\"datePublished\":\"2025-11-14T00:59:02+00:00\",\"dateModified\":\"2025-11-14T01:02:24+00:00\",\"breadcrumb\":{\"@id\":\"https:\/\/gaiastudioofficial.com\/mesafeli-satis-sozlesmesi\/#breadcrumb\"},\"inLanguage\":\"en-US\",\"potentialAction\":[{\"@type\":\"ReadAction\",\"target\":[\"https:\/\/gaiastudioofficial.com\/mesafeli-satis-sozlesmesi\/\"]}]},{\"@type\":\"BreadcrumbList\",\"@id\":\"https:\/\/gaiastudioofficial.com\/mesafeli-satis-sozlesmesi\/#breadcrumb\",\"itemListElement\":[{\"@type\":\"ListItem\",\"position\":1,\"name\":\"Anasayfa\",\"item\":\"https:\/\/gaiastudioofficial.com\/\"},{\"@type\":\"ListItem\",\"position\":2,\"name\":\"Mesafeli Sat\u0131\u015f S\u00f6zle\u015fmesi\"}]},{\"@type\":\"WebSite\",\"@id\":\"https:\/\/gaiastudioofficial.com\/#website\",\"url\":\"https:\/\/gaiastudioofficial.com\/\",\"name\":\"Gaia Studio\",\"description\":\"\",\"publisher\":{\"@id\":\"https:\/\/gaiastudioofficial.com\/#organization\"},\"potentialAction\":[{\"@type\":\"SearchAction\",\"target\":{\"@type\":\"EntryPoint\",\"urlTemplate\":\"https:\/\/gaiastudioofficial.com\/?s={search_term_string}\"},\"query-input\":{\"@type\":\"PropertyValueSpecification\",\"valueRequired\":true,\"valueName\":\"search_term_string\"}}],\"inLanguage\":\"en-US\"},{\"@type\":\"Organization\",\"@id\":\"https:\/\/gaiastudioofficial.com\/#organization\",\"name\":\"Gaia Studio\",\"url\":\"https:\/\/gaiastudioofficial.com\/\",\"logo\":{\"@type\":\"ImageObject\",\"inLanguage\":\"en-US\",\"@id\":\"https:\/\/gaiastudioofficial.com\/#\/schema\/logo\/image\/\",\"url\":\"https:\/\/gaiastudioofficial.com\/wp-content\/uploads\/2024\/08\/2-1-e1762222663606.png\",\"contentUrl\":\"https:\/\/gaiastudioofficial.com\/wp-content\/uploads\/2024\/08\/2-1-e1762222663606.png\",\"width\":563,\"height\":373,\"caption\":\"Gaia Studio\"},\"image\":{\"@id\":\"https:\/\/gaiastudioofficial.com\/#\/schema\/logo\/image\/\"}}]}<\/script>\n<!-- \/ Yoast SEO plugin. -->","yoast_head_json":{"title":"Mesafeli Sat\u0131\u015f S\u00f6zle\u015fmesi - Gaia Studio","robots":{"index":"index","follow":"follow","max-snippet":"max-snippet:-1","max-image-preview":"max-image-preview:large","max-video-preview":"max-video-preview:-1"},"canonical":"https:\/\/gaiastudioofficial.com\/en\/distance-sales-contract\/","og_locale":"en_US","og_type":"article","og_title":"Mesafeli Sat\u0131\u015f S\u00f6zle\u015fmesi - Gaia Studio","og_description":"GAIA STUDIO \u2013 MESAFEL\u0130 SATI\u015e S\u00d6ZLE\u015eMES\u0130 TaraflarSat\u0131c\u0131: Gaia Studio (\u015eah\u0131s \u0130\u015fletmesi)Adres: \u0130zmir \/ UrlaE-posta: info@gaiastudioofficial.com\u00a0Al\u0131c\u0131: Web sitesi \u00fczerinden al\u0131\u015fveri\u015f yapan ki\u015fi.\u00a0\u2e3b\u00a0Madde 1 \u2013 Konu\u00a0Bu s\u00f6zle\u015fme, Al\u0131c\u0131\u2019n\u0131n Sat\u0131c\u0131\u2019ya ait www.gaiastudioofficial.com adresli internet sitesinden elektronik ortamda sipari\u015f verdi\u011fi \u00fcr\u00fcnlerin sat\u0131\u015f\u0131 ve teslimi ile ilgili taraflar\u0131n hak ve y\u00fck\u00fcml\u00fcl\u00fcklerini belirler. 6502 say\u0131l\u0131 T\u00fcketicinin Korunmas\u0131 Hakk\u0131nda Kanun ve ilgili [&hellip;]","og_url":"https:\/\/gaiastudioofficial.com\/en\/distance-sales-contract\/","og_site_name":"Gaia Studio","article_modified_time":"2025-11-14T01:02:24+00:00","twitter_card":"summary_large_image","twitter_misc":{"Est. reading time":"1 minute"},"schema":{"@context":"https:\/\/schema.org","@graph":[{"@type":"WebPage","@id":"https:\/\/gaiastudioofficial.com\/mesafeli-satis-sozlesmesi\/","url":"https:\/\/gaiastudioofficial.com\/mesafeli-satis-sozlesmesi\/","name":"Mesafeli Sat\u0131\u015f S\u00f6zle\u015fmesi - Gaia Studio","isPartOf":{"@id":"https:\/\/gaiastudioofficial.com\/#website"},"datePublished":"2025-11-14T00:59:02+00:00","dateModified":"2025-11-14T01:02:24+00:00","breadcrumb":{"@id":"https:\/\/gaiastudioofficial.com\/mesafeli-satis-sozlesmesi\/#breadcrumb"},"inLanguage":"en-US","potentialAction":[{"@type":"ReadAction","target":["https:\/\/gaiastudioofficial.com\/mesafeli-satis-sozlesmesi\/"]}]},{"@type":"BreadcrumbList","@id":"https:\/\/gaiastudioofficial.com\/mesafeli-satis-sozlesmesi\/#breadcrumb","itemListElement":[{"@type":"ListItem","position":1,"name":"Anasayfa","item":"https:\/\/gaiastudioofficial.com\/"},{"@type":"ListItem","position":2,"name":"Mesafeli Sat\u0131\u015f S\u00f6zle\u015fmesi"}]},{"@type":"WebSite","@id":"https:\/\/gaiastudioofficial.com\/#website","url":"https:\/\/gaiastudioofficial.com\/","name":"Gaia Studio","description":"","publisher":{"@id":"https:\/\/gaiastudioofficial.com\/#organization"},"potentialAction":[{"@type":"SearchAction","target":{"@type":"EntryPoint","urlTemplate":"https:\/\/gaiastudioofficial.com\/?s={search_term_string}"},"query-input":{"@type":"PropertyValueSpecification","valueRequired":true,"valueName":"search_term_string"}}],"inLanguage":"en-US"},{"@type":"Organization","@id":"https:\/\/gaiastudioofficial.com\/#organization","name":"Gaia Studio","url":"https:\/\/gaiastudioofficial.com\/","logo":{"@type":"ImageObject","inLanguage":"en-US","@id":"https:\/\/gaiastudioofficial.com\/#\/schema\/logo\/image\/","url":"https:\/\/gaiastudioofficial.com\/wp-content\/uploads\/2024\/08\/2-1-e1762222663606.png","contentUrl":"https:\/\/gaiastudioofficial.com\/wp-content\/uploads\/2024\/08\/2-1-e1762222663606.png","width":563,"height":373,"caption":"Gaia Studio"},"image":{"@id":"https:\/\/gaiastudioofficial.com\/#\/schema\/logo\/image\/"}}]}},"_links":{"self":[{"href":"https:\/\/gaiastudioofficial.com\/en\/wp-json\/wp\/v2\/pages\/6150","targetHints":{"allow":["GET"]}}],"collection":[{"href":"https:\/\/gaiastudioofficial.com\/en\/wp-json\/wp\/v2\/pages"}],"about":[{"href":"https:\/\/gaiastudioofficial.com\/en\/wp-json\/wp\/v2\/types\/page"}],"author":[{"embeddable":true,"href":"https:\/\/gaiastudioofficial.com\/en\/wp-json\/wp\/v2\/users\/1"}],"replies":[{"embeddable":true,"href":"https:\/\/gaiastudioofficial.com\/en\/wp-json\/wp\/v2\/comments?post=6150"}],"version-history":[{"count":4,"href":"https:\/\/gaiastudioofficial.com\/en\/wp-json\/wp\/v2\/pages\/6150\/revisions"}],"predecessor-version":[{"id":6158,"href":"https:\/\/gaiastudioofficial.com\/en\/wp-json\/wp\/v2\/pages\/6150\/revisions\/6158"}],"wp:attachment":[{"href":"https:\/\/gaiastudioofficial.com\/en\/wp-json\/wp\/v2\/media?parent=6150"}],"curies":[{"name":"wp","href":"https:\/\/api.w.org\/{rel}","templated":true}]}}