{"id":6149,"date":"2025-11-14T03:59:14","date_gmt":"2025-11-14T00:59:14","guid":{"rendered":"https:\/\/gaiastudioofficial.com\/?page_id=6149"},"modified":"2025-11-14T04:00:56","modified_gmt":"2025-11-14T01:00:56","slug":"uyelik-sozlesmesi","status":"publish","type":"page","link":"https:\/\/gaiastudioofficial.com\/en\/membership-agreement\/","title":{"rendered":"Membership Agreement"},"content":{"rendered":"<div data-elementor-type=\"wp-page\" data-elementor-id=\"6149\" class=\"elementor elementor-6149\">\n\t\t\t\t<div class=\"elementor-element elementor-element-f0c432e e-flex e-con-boxed ecomus-responsive-column ecomus-tablet-column--default ecomus-responsive-column ecomus-mobile-column--default ecomus-responsive-column ecomus-motion--var(--position) e-con e-parent\" data-id=\"f0c432e\" data-element_type=\"container\">\n\t\t\t\t\t<div class=\"e-con-inner\">\n\t\t<div class=\"elementor-element elementor-element-20b2d96 e-con-full e-flex ecomus-responsive-column ecomus-tablet-column--default ecomus-responsive-column ecomus-mobile-column--default ecomus-responsive-column ecomus-motion--var(--position) e-con e-child\" data-id=\"20b2d96\" data-element_type=\"container\">\n\t\t\t\t<div class=\"elementor-element elementor-element-fb4c2aa elementor-widget elementor-widget-ecomus-heading\" data-id=\"fb4c2aa\" data-element_type=\"widget\" data-widget_type=\"ecomus-heading.default\">\n\t\t\t\t<div class=\"elementor-widget-container\">\n\t\t\t\t\t\t\t<div class=\"ecomus-heading-elementor\">\n\t\t\t\t<h5 class=\"ecomus-heading em-flex em-flex-align-center ecomus-heading--default\">\n\t\t\t\t\t\t\t\t\t\tGAIA STUDIO - MEMBERSHIP AGREEMENT\t\t\t\t<\/h5>\n\t\t\t<\/div>\n\t\t\t\t\t\t<\/div>\n\t\t\t\t<\/div>\n\t\t\t\t<div class=\"elementor-element elementor-element-22906db elementor-widget elementor-widget-text-editor\" data-id=\"22906db\" data-element_type=\"widget\" data-widget_type=\"text-editor.default\">\n\t\t\t\t\t\t\t\t\t<div>1. Parties<\/div><div>\u00a0<\/div><div>This agreement is between the person who is a member of www.gaiastudioofficial.com (Member) and Gaia Studio (Sole Proprietorship).<\/div><div>\u00a0<\/div><div>2. Subject<\/div><div>\u00a0<\/div><div>The conditions for the member to benefit from the services offered on the site are determined.<\/div><div>\u00a0<\/div><div>3. Membership Conditions<\/div><div>-The member agrees that the information provided in the membership form is correct and up-to-date.<\/div><div>-Persons under the age of 18 cannot be a member.<\/div><div>\u00a0<\/div><div>4. Rights and Obligations of the Member<\/div><div>-Member cannot share account information with third parties.<\/div><div>-Cannot copy the contents of the site without permission or use them for commercial purposes.<\/div><div>-Member can request to close their account at any time.<\/div><div>\u00a0<\/div><div>5. Rights and Obligations of the Company<\/div><div>-The Company reserves the right to change the site content and policies.<\/div><div>-Memberships may be suspended or terminated when deemed necessary.<\/div><div>-The service may be temporarily suspended due to technical problems.<\/div><div>\u00a0<\/div><div>6. Privacy and KVKK<\/div><div>\u00a0<\/div><div>Personal data is processed and protected within the scope of KVKK. Details are included in the Privacy Policy.<\/div><div>\u00a0<\/div><div>7. Intellectual Property<\/div><div>\u00a0<\/div><div>Site content, brand, designs and images are the property of Gaia Studio and cannot be used without permission.<\/div><div>\u00a0<\/div><div>8. Contract Amendments<\/div><div>\u00a0<\/div><div>The Company may make changes to the contract. As long as membership continues, these changes are deemed accepted.<\/div><div>\u00a0<\/div><div>9. Applicable Law<\/div><div>\u00a0<\/div><div>This agreement is subject to Turkish Law; Izmir Courts are authorized.<\/div>\t\t\t\t\t\t\t\t<\/div>\n\t\t\t\t<\/div>\n\t\t\t\t\t<\/div>\n\t\t\t\t<\/div>\n\t\t\t\t<\/div>","protected":false},"excerpt":{"rendered":"<p>GAIA STUDIO \u2013 \u00dcYEL\u0130K S\u00d6ZLE\u015eMES\u0130 1. Taraflar\u00a0Bu s\u00f6zle\u015fme, www.gaiastudioofficial.com sitesine \u00fcye olan ki\u015fi (\u00dcye) ile Gaia Studio (\u015eah\u0131s \u0130\u015fletmesi) aras\u0131nda d\u00fczenlenmektedir.\u00a02. Konu\u00a0\u00dcyenin sitede sunulan hizmetlerden yararlanmas\u0131na ili\u015fkin ko\u015fullar belirlenir.\u00a03. \u00dcyelik Ko\u015fullar\u0131\u2022\u00dcye, \u00fcyelik formunda verdi\u011fi bilgilerin do\u011fru ve g\u00fcncel oldu\u011funu kabul eder.\u202218 ya\u015f\u0131ndan k\u00fc\u00e7\u00fck ki\u015filer \u00fcye olamaz.\u00a04. \u00dcyenin Hak ve Y\u00fck\u00fcml\u00fcl\u00fckleri\u2022\u00dcye, hesap bilgilerini \u00fc\u00e7\u00fcnc\u00fc ki\u015filerle payla\u015famaz.\u2022Site [&hellip;]<\/p>","protected":false},"author":1,"featured_media":0,"parent":0,"menu_order":0,"comment_status":"closed","ping_status":"closed","template":"","meta":{"footnotes":""},"class_list":["post-6149","page","type-page","status-publish","hentry"],"yoast_head":"<!-- This site is optimized with the Yoast SEO plugin v26.3 - https:\/\/yoast.com\/wordpress\/plugins\/seo\/ -->\n<title>\u00dcyelik S\u00f6zle\u015fmesi - Gaia Studio<\/title>\n<meta name=\"robots\" content=\"index, follow, max-snippet:-1, max-image-preview:large, max-video-preview:-1\" \/>\n<link rel=\"canonical\" href=\"https:\/\/gaiastudioofficial.com\/en\/membership-agreement\/\" \/>\n<meta property=\"og:locale\" content=\"en_US\" \/>\n<meta property=\"og:type\" content=\"article\" \/>\n<meta property=\"og:title\" content=\"\u00dcyelik S\u00f6zle\u015fmesi - Gaia Studio\" \/>\n<meta property=\"og:description\" content=\"GAIA STUDIO \u2013 \u00dcYEL\u0130K S\u00d6ZLE\u015eMES\u0130 1. Taraflar\u00a0Bu s\u00f6zle\u015fme, www.gaiastudioofficial.com sitesine \u00fcye olan ki\u015fi (\u00dcye) ile Gaia Studio (\u015eah\u0131s \u0130\u015fletmesi) aras\u0131nda d\u00fczenlenmektedir.\u00a02. Konu\u00a0\u00dcyenin sitede sunulan hizmetlerden yararlanmas\u0131na ili\u015fkin ko\u015fullar belirlenir.\u00a03. \u00dcyelik Ko\u015fullar\u0131\u2022\u00dcye, \u00fcyelik formunda verdi\u011fi bilgilerin do\u011fru ve g\u00fcncel oldu\u011funu kabul eder.\u202218 ya\u015f\u0131ndan k\u00fc\u00e7\u00fck ki\u015filer \u00fcye olamaz.\u00a04. \u00dcyenin Hak ve Y\u00fck\u00fcml\u00fcl\u00fckleri\u2022\u00dcye, hesap bilgilerini \u00fc\u00e7\u00fcnc\u00fc ki\u015filerle payla\u015famaz.\u2022Site [&hellip;]\" \/>\n<meta property=\"og:url\" content=\"https:\/\/gaiastudioofficial.com\/en\/membership-agreement\/\" \/>\n<meta property=\"og:site_name\" content=\"Gaia Studio\" \/>\n<meta property=\"article:modified_time\" content=\"2025-11-14T01:00:56+00:00\" \/>\n<meta name=\"twitter:card\" content=\"summary_large_image\" \/>\n<meta name=\"twitter:label1\" content=\"Est. reading time\" \/>\n\t<meta name=\"twitter:data1\" content=\"1 minute\" \/>\n<script type=\"application\/ld+json\" class=\"yoast-schema-graph\">{\"@context\":\"https:\/\/schema.org\",\"@graph\":[{\"@type\":\"WebPage\",\"@id\":\"https:\/\/gaiastudioofficial.com\/uyelik-sozlesmesi\/\",\"url\":\"https:\/\/gaiastudioofficial.com\/uyelik-sozlesmesi\/\",\"name\":\"\u00dcyelik S\u00f6zle\u015fmesi - Gaia Studio\",\"isPartOf\":{\"@id\":\"https:\/\/gaiastudioofficial.com\/#website\"},\"datePublished\":\"2025-11-14T00:59:14+00:00\",\"dateModified\":\"2025-11-14T01:00:56+00:00\",\"breadcrumb\":{\"@id\":\"https:\/\/gaiastudioofficial.com\/uyelik-sozlesmesi\/#breadcrumb\"},\"inLanguage\":\"en-US\",\"potentialAction\":[{\"@type\":\"ReadAction\",\"target\":[\"https:\/\/gaiastudioofficial.com\/uyelik-sozlesmesi\/\"]}]},{\"@type\":\"BreadcrumbList\",\"@id\":\"https:\/\/gaiastudioofficial.com\/uyelik-sozlesmesi\/#breadcrumb\",\"itemListElement\":[{\"@type\":\"ListItem\",\"position\":1,\"name\":\"Anasayfa\",\"item\":\"https:\/\/gaiastudioofficial.com\/\"},{\"@type\":\"ListItem\",\"position\":2,\"name\":\"\u00dcyelik S\u00f6zle\u015fmesi\"}]},{\"@type\":\"WebSite\",\"@id\":\"https:\/\/gaiastudioofficial.com\/#website\",\"url\":\"https:\/\/gaiastudioofficial.com\/\",\"name\":\"Gaia Studio\",\"description\":\"\",\"publisher\":{\"@id\":\"https:\/\/gaiastudioofficial.com\/#organization\"},\"potentialAction\":[{\"@type\":\"SearchAction\",\"target\":{\"@type\":\"EntryPoint\",\"urlTemplate\":\"https:\/\/gaiastudioofficial.com\/?s={search_term_string}\"},\"query-input\":{\"@type\":\"PropertyValueSpecification\",\"valueRequired\":true,\"valueName\":\"search_term_string\"}}],\"inLanguage\":\"en-US\"},{\"@type\":\"Organization\",\"@id\":\"https:\/\/gaiastudioofficial.com\/#organization\",\"name\":\"Gaia Studio\",\"url\":\"https:\/\/gaiastudioofficial.com\/\",\"logo\":{\"@type\":\"ImageObject\",\"inLanguage\":\"en-US\",\"@id\":\"https:\/\/gaiastudioofficial.com\/#\/schema\/logo\/image\/\",\"url\":\"https:\/\/gaiastudioofficial.com\/wp-content\/uploads\/2024\/08\/2-1-e1762222663606.png\",\"contentUrl\":\"https:\/\/gaiastudioofficial.com\/wp-content\/uploads\/2024\/08\/2-1-e1762222663606.png\",\"width\":563,\"height\":373,\"caption\":\"Gaia Studio\"},\"image\":{\"@id\":\"https:\/\/gaiastudioofficial.com\/#\/schema\/logo\/image\/\"}}]}<\/script>\n<!-- \/ Yoast SEO plugin. -->","yoast_head_json":{"title":"\u00dcyelik S\u00f6zle\u015fmesi - Gaia Studio","robots":{"index":"index","follow":"follow","max-snippet":"max-snippet:-1","max-image-preview":"max-image-preview:large","max-video-preview":"max-video-preview:-1"},"canonical":"https:\/\/gaiastudioofficial.com\/en\/membership-agreement\/","og_locale":"en_US","og_type":"article","og_title":"\u00dcyelik S\u00f6zle\u015fmesi - Gaia Studio","og_description":"GAIA STUDIO \u2013 \u00dcYEL\u0130K S\u00d6ZLE\u015eMES\u0130 1. Taraflar\u00a0Bu s\u00f6zle\u015fme, www.gaiastudioofficial.com sitesine \u00fcye olan ki\u015fi (\u00dcye) ile Gaia Studio (\u015eah\u0131s \u0130\u015fletmesi) aras\u0131nda d\u00fczenlenmektedir.\u00a02. Konu\u00a0\u00dcyenin sitede sunulan hizmetlerden yararlanmas\u0131na ili\u015fkin ko\u015fullar belirlenir.\u00a03. \u00dcyelik Ko\u015fullar\u0131\u2022\u00dcye, \u00fcyelik formunda verdi\u011fi bilgilerin do\u011fru ve g\u00fcncel oldu\u011funu kabul eder.\u202218 ya\u015f\u0131ndan k\u00fc\u00e7\u00fck ki\u015filer \u00fcye olamaz.\u00a04. \u00dcyenin Hak ve Y\u00fck\u00fcml\u00fcl\u00fckleri\u2022\u00dcye, hesap bilgilerini \u00fc\u00e7\u00fcnc\u00fc ki\u015filerle payla\u015famaz.\u2022Site [&hellip;]","og_url":"https:\/\/gaiastudioofficial.com\/en\/membership-agreement\/","og_site_name":"Gaia Studio","article_modified_time":"2025-11-14T01:00:56+00:00","twitter_card":"summary_large_image","twitter_misc":{"Est. reading time":"1 minute"},"schema":{"@context":"https:\/\/schema.org","@graph":[{"@type":"WebPage","@id":"https:\/\/gaiastudioofficial.com\/uyelik-sozlesmesi\/","url":"https:\/\/gaiastudioofficial.com\/uyelik-sozlesmesi\/","name":"\u00dcyelik S\u00f6zle\u015fmesi - Gaia Studio","isPartOf":{"@id":"https:\/\/gaiastudioofficial.com\/#website"},"datePublished":"2025-11-14T00:59:14+00:00","dateModified":"2025-11-14T01:00:56+00:00","breadcrumb":{"@id":"https:\/\/gaiastudioofficial.com\/uyelik-sozlesmesi\/#breadcrumb"},"inLanguage":"en-US","potentialAction":[{"@type":"ReadAction","target":["https:\/\/gaiastudioofficial.com\/uyelik-sozlesmesi\/"]}]},{"@type":"BreadcrumbList","@id":"https:\/\/gaiastudioofficial.com\/uyelik-sozlesmesi\/#breadcrumb","itemListElement":[{"@type":"ListItem","position":1,"name":"Anasayfa","item":"https:\/\/gaiastudioofficial.com\/"},{"@type":"ListItem","position":2,"name":"\u00dcyelik S\u00f6zle\u015fmesi"}]},{"@type":"WebSite","@id":"https:\/\/gaiastudioofficial.com\/#website","url":"https:\/\/gaiastudioofficial.com\/","name":"Gaia Studio","description":"","publisher":{"@id":"https:\/\/gaiastudioofficial.com\/#organization"},"potentialAction":[{"@type":"SearchAction","target":{"@type":"EntryPoint","urlTemplate":"https:\/\/gaiastudioofficial.com\/?s={search_term_string}"},"query-input":{"@type":"PropertyValueSpecification","valueRequired":true,"valueName":"search_term_string"}}],"inLanguage":"en-US"},{"@type":"Organization","@id":"https:\/\/gaiastudioofficial.com\/#organization","name":"Gaia Studio","url":"https:\/\/gaiastudioofficial.com\/","logo":{"@type":"ImageObject","inLanguage":"en-US","@id":"https:\/\/gaiastudioofficial.com\/#\/schema\/logo\/image\/","url":"https:\/\/gaiastudioofficial.com\/wp-content\/uploads\/2024\/08\/2-1-e1762222663606.png","contentUrl":"https:\/\/gaiastudioofficial.com\/wp-content\/uploads\/2024\/08\/2-1-e1762222663606.png","width":563,"height":373,"caption":"Gaia Studio"},"image":{"@id":"https:\/\/gaiastudioofficial.com\/#\/schema\/logo\/image\/"}}]}},"_links":{"self":[{"href":"https:\/\/gaiastudioofficial.com\/en\/wp-json\/wp\/v2\/pages\/6149","targetHints":{"allow":["GET"]}}],"collection":[{"href":"https:\/\/gaiastudioofficial.com\/en\/wp-json\/wp\/v2\/pages"}],"about":[{"href":"https:\/\/gaiastudioofficial.com\/en\/wp-json\/wp\/v2\/types\/page"}],"author":[{"embeddable":true,"href":"https:\/\/gaiastudioofficial.com\/en\/wp-json\/wp\/v2\/users\/1"}],"replies":[{"embeddable":true,"href":"https:\/\/gaiastudioofficial.com\/en\/wp-json\/wp\/v2\/comments?post=6149"}],"version-history":[{"count":4,"href":"https:\/\/gaiastudioofficial.com\/en\/wp-json\/wp\/v2\/pages\/6149\/revisions"}],"predecessor-version":[{"id":6155,"href":"https:\/\/gaiastudioofficial.com\/en\/wp-json\/wp\/v2\/pages\/6149\/revisions\/6155"}],"wp:attachment":[{"href":"https:\/\/gaiastudioofficial.com\/en\/wp-json\/wp\/v2\/media?parent=6149"}],"curies":[{"name":"wp","href":"https:\/\/api.w.org\/{rel}","templated":true}]}}