{"id":500,"date":"2024-06-11T04:03:46","date_gmt":"2024-06-11T04:03:46","guid":{"rendered":"https:\/\/raw.githubusercontent.com\/drfuri\/demo-content\/main\/ecomus\/fashion\/images\/?page_id=500"},"modified":"2025-11-13T03:51:09","modified_gmt":"2025-11-13T00:51:09","slug":"teslimat-iade-degisim","status":"publish","type":"page","link":"https:\/\/gaiastudioofficial.com\/en\/delivery-return-exchange\/","title":{"rendered":"Delivery, Return and Exchange"},"content":{"rendered":"<div data-elementor-type=\"wp-page\" data-elementor-id=\"500\" class=\"elementor elementor-500\">\n\t\t\t\t<div class=\"elementor-element elementor-element-46c5bb0 e-flex e-con-boxed ecomus-responsive-column ecomus-tablet-column--default ecomus-responsive-column ecomus-mobile-column--default ecomus-responsive-column ecomus-motion--var(--position) e-con e-parent\" data-id=\"46c5bb0\" data-element_type=\"container\">\n\t\t\t\t\t<div class=\"e-con-inner\">\n\t\t\t\t<div class=\"elementor-element elementor-element-3853f3f elementor-widget elementor-widget-ecomus-heading\" data-id=\"3853f3f\" data-element_type=\"widget\" data-widget_type=\"ecomus-heading.default\">\n\t\t\t\t<div class=\"elementor-widget-container\">\n\t\t\t\t\t\t\t<div class=\"ecomus-heading-elementor\">\n\t\t\t\t<h5 class=\"ecomus-heading em-flex em-flex-align-center ecomus-heading--default\">\n\t\t\t\t\t\t\t\t\t\tDelivery\t\t\t\t<\/h5>\n\t\t\t<\/div>\n\t\t\t\t\t\t<\/div>\n\t\t\t\t<\/div>\n\t\t\t\t<div class=\"elementor-element elementor-element-6ef67558 elementor-widget elementor-widget-text-editor\" data-id=\"6ef67558\" data-element_type=\"widget\" data-widget_type=\"text-editor.default\">\n\t\t\t\t\t\t\t\t\t<p>Your orders will be delivered to cargo within 2-7 business days after payment confirmation.<br \/>Time may vary for special production\/pre-order products; estimated delivery dates are indicated on the product page.<\/p><p>Each order is prepared with Gaia Studio's meticulous packaging standards. When shipped, your tracking number is shared via e-mail.<br \/>Short delays may occur during public holidays and campaign periods. If you notice damage on delivery, we recommend that you file a report with the courier.<\/p>\t\t\t\t\t\t\t\t<\/div>\n\t\t\t\t\t<\/div>\n\t\t\t\t<\/div>\n\t\t<div class=\"elementor-element elementor-element-35bb1cc2 e-flex e-con-boxed ecomus-responsive-column ecomus-tablet-column--default ecomus-responsive-column ecomus-mobile-column--default ecomus-responsive-column ecomus-motion--var(--position) e-con e-parent\" data-id=\"35bb1cc2\" data-element_type=\"container\">\n\t\t\t\t\t<div class=\"e-con-inner\">\n\t\t\t\t<div class=\"elementor-element elementor-element-8a18afb elementor-widget elementor-widget-ecomus-heading\" data-id=\"8a18afb\" data-element_type=\"widget\" data-widget_type=\"ecomus-heading.default\">\n\t\t\t\t<div class=\"elementor-widget-container\">\n\t\t\t\t\t\t\t<div class=\"ecomus-heading-elementor\">\n\t\t\t\t<h5 class=\"ecomus-heading em-flex em-flex-align-center ecomus-heading--default\">\n\t\t\t\t\t\t\t\t\t\tReturn and Exchange\t\t\t\t<\/h5>\n\t\t\t<\/div>\n\t\t\t\t\t\t<\/div>\n\t\t\t\t<\/div>\n\t\t\t\t<div class=\"elementor-element elementor-element-61b9135 elementor-widget elementor-widget-text-editor\" data-id=\"61b9135\" data-element_type=\"widget\" data-widget_type=\"text-editor.default\">\n\t\t\t\t\t\t\t\t\t<p>At Gaia Studio, all products are prepared in limited numbers and with a careful production approach.<br \/>For this reason, the products cannot be returned.<br \/>However, in case of size or model mismatch, a one-time exchange is possible under the following conditions<\/p>\t\t\t\t\t\t\t\t<\/div>\n\t\t\t\t\t<\/div>\n\t\t\t\t<\/div>\n\t\t<div class=\"elementor-element elementor-element-1ca5034 e-flex e-con-boxed ecomus-responsive-column ecomus-tablet-column--default ecomus-responsive-column ecomus-mobile-column--default ecomus-responsive-column ecomus-motion--var(--position) e-con e-parent\" data-id=\"1ca5034\" data-element_type=\"container\">\n\t\t\t\t\t<div class=\"e-con-inner\">\n\t\t\t\t<div class=\"elementor-element elementor-element-b74d583 elementor-widget elementor-widget-ecomus-heading\" data-id=\"b74d583\" data-element_type=\"widget\" data-widget_type=\"ecomus-heading.default\">\n\t\t\t\t<div class=\"elementor-widget-container\">\n\t\t\t\t\t\t\t<div class=\"ecomus-heading-elementor\">\n\t\t\t\t<h6 class=\"ecomus-heading em-flex em-flex-align-center ecomus-heading--default\">\n\t\t\t\t\t\t\t\t\t\tChange Period\t\t\t\t<\/h6>\n\t\t\t<\/div>\n\t\t\t\t\t\t<\/div>\n\t\t\t\t<\/div>\n\t\t\t\t<div class=\"elementor-element elementor-element-6e298f8 elementor-widget elementor-widget-text-editor\" data-id=\"6e298f8\" data-element_type=\"widget\" data-widget_type=\"text-editor.default\">\n\t\t\t\t\t\t\t\t\t<p>You can request an exchange within 7 days from the delivery date of the product.<\/p>\t\t\t\t\t\t\t\t<\/div>\n\t\t\t\t\t<\/div>\n\t\t\t\t<\/div>\n\t\t<div class=\"elementor-element elementor-element-8e8ed4a e-flex e-con-boxed ecomus-responsive-column ecomus-tablet-column--default ecomus-responsive-column ecomus-mobile-column--default ecomus-responsive-column ecomus-motion--var(--position) e-con e-parent\" data-id=\"8e8ed4a\" data-element_type=\"container\">\n\t\t\t\t\t<div class=\"e-con-inner\">\n\t\t\t\t<div class=\"elementor-element elementor-element-66f078b elementor-widget elementor-widget-ecomus-heading\" data-id=\"66f078b\" data-element_type=\"widget\" data-widget_type=\"ecomus-heading.default\">\n\t\t\t\t<div class=\"elementor-widget-container\">\n\t\t\t\t\t\t\t<div class=\"ecomus-heading-elementor\">\n\t\t\t\t<h6 class=\"ecomus-heading em-flex em-flex-align-center ecomus-heading--default\">\n\t\t\t\t\t\t\t\t\t\tTerms of Exchange\t\t\t\t<\/h6>\n\t\t\t<\/div>\n\t\t\t\t\t\t<\/div>\n\t\t\t\t<\/div>\n\t\t\t\t<div class=\"elementor-element elementor-element-20ea9d9 elementor-widget elementor-widget-text-editor\" data-id=\"20ea9d9\" data-element_type=\"widget\" data-widget_type=\"text-editor.default\">\n\t\t\t\t\t\t\t\t\t<div>- The product must be sent unused, with the label intact and in its original condition.<\/div><div>- Products with traces of makeup, perfume, deodorant or use will not be exchanged.<\/div><div>- User-induced deformation (tearing, ripping, pulling, etc.) is not covered by the exchange.<\/div><div>- For products sold as a set or set, only one piece cannot be exchanged; the entire set must be sent together.<\/div><div>- Exchanges can only be made once.<\/div>\t\t\t\t\t\t\t\t<\/div>\n\t\t\t\t\t<\/div>\n\t\t\t\t<\/div>\n\t\t<div class=\"elementor-element elementor-element-4d885ce e-flex e-con-boxed ecomus-responsive-column ecomus-tablet-column--default ecomus-responsive-column ecomus-mobile-column--default ecomus-responsive-column ecomus-motion--var(--position) e-con e-parent\" data-id=\"4d885ce\" data-element_type=\"container\">\n\t\t\t\t\t<div class=\"e-con-inner\">\n\t\t\t\t<div class=\"elementor-element elementor-element-9842759 elementor-widget elementor-widget-ecomus-heading\" data-id=\"9842759\" data-element_type=\"widget\" data-widget_type=\"ecomus-heading.default\">\n\t\t\t\t<div class=\"elementor-widget-container\">\n\t\t\t\t\t\t\t<div class=\"ecomus-heading-elementor\">\n\t\t\t\t<h6 class=\"ecomus-heading em-flex em-flex-align-center ecomus-heading--default\">\n\t\t\t\t\t\t\t\t\t\tChange Process\t\t\t\t<\/h6>\n\t\t\t<\/div>\n\t\t\t\t\t\t<\/div>\n\t\t\t\t<\/div>\n\t\t\t\t<div class=\"elementor-element elementor-element-4a30bf3 elementor-widget elementor-widget-text-editor\" data-id=\"4a30bf3\" data-element_type=\"widget\" data-widget_type=\"text-editor.default\">\n\t\t\t\t\t\t\t\t\t<div>1. Create your exchange request by sending an e-mail to info@gaiastudioofficial.com.<\/div><div>In the email, include your order number, your name and the reason for the exchange.<\/div><div>2.When your request is approved, our exchange address and shipping forwarding information will be sent to you via e-mail.<\/div><div>3.The shipping fee for exchange shipments is covered by Gaia Studio.<\/div><div>You can deliver it free of charge from the nearest cargo branch with the shipping code sent to you.<\/div><div>\u00a0<\/div><div>\u26a0\ufe0f We recommend careful packaging to prevent damage to the product during the shipping process.<\/div><div>Gaia Studio is not responsible for any loss or damage caused by cargo.<\/div>\t\t\t\t\t\t\t\t<\/div>\n\t\t\t\t\t<\/div>\n\t\t\t\t<\/div>\n\t\t<div class=\"elementor-element elementor-element-94a6f14 e-flex e-con-boxed ecomus-responsive-column ecomus-tablet-column--default ecomus-responsive-column ecomus-mobile-column--default ecomus-responsive-column ecomus-motion--var(--position) e-con e-parent\" data-id=\"94a6f14\" data-element_type=\"container\">\n\t\t\t\t\t<div class=\"e-con-inner\">\n\t\t\t\t<div class=\"elementor-element elementor-element-5e1fcc2 elementor-widget elementor-widget-ecomus-heading\" data-id=\"5e1fcc2\" data-element_type=\"widget\" data-widget_type=\"ecomus-heading.default\">\n\t\t\t\t<div class=\"elementor-widget-container\">\n\t\t\t\t\t\t\t<div class=\"ecomus-heading-elementor\">\n\t\t\t\t<h5 class=\"ecomus-heading em-flex em-flex-align-center ecomus-heading--default\">\n\t\t\t\t\t\t\t\t\t\tHelp\t\t\t\t<\/h5>\n\t\t\t<\/div>\n\t\t\t\t\t\t<\/div>\n\t\t\t\t<\/div>\n\t\t\t\t<div class=\"elementor-element elementor-element-4f4e6c05 elementor-widget elementor-widget-text-editor\" data-id=\"4f4e6c05\" data-element_type=\"widget\" data-widget_type=\"text-editor.default\">\n\t\t\t\t\t\t\t\t\t<p>If you have different questions, you can contact us via e-mail or instagram.<\/p><p>Email:\u00a0<span style=\"text-decoration: underline;\"><a href=\"mailto:info@gaiastudioofficial.com\" aria-describedby=\"a11y-external-message\"><span class=\"__cf_email__\">info@gaiastudioofficial.com<\/span><\/a><\/span><\/p><p>Instagram: @gaiastudioofficial<\/p>\t\t\t\t\t\t\t\t<\/div>\n\t\t\t\t\t<\/div>\n\t\t\t\t<\/div>\n\t\t\t\t<\/div>","protected":false},"excerpt":{"rendered":"<p>Teslimat Sipari\u015fleriniz, \u00f6deme onay\u0131ndan itibaren 2\u20137 i\u015f g\u00fcn\u00fc i\u00e7inde kargoya teslim edilir.\u00d6zel \u00fcretim\/\u00f6n sipari\u015f \u00fcr\u00fcnlerde s\u00fcre farkl\u0131l\u0131k g\u00f6sterebilir; tahmini teslimat tarihleri \u00fcr\u00fcn sayfas\u0131nda belirtilir. Her sipari\u015f Gaia Studio\u2019nun \u00f6zenli paketleme standartlar\u0131yla haz\u0131rlan\u0131r. Kargoya verildi\u011finde takip numaran\u0131z e-posta ile payla\u015f\u0131l\u0131r.Resm\u00ee tatiller ve kampanya d\u00f6nemlerinde k\u0131sa gecikmeler ya\u015fanabilir. Teslimatta hasar fark ederseniz, kargo g\u00f6revlisiyle birlikte tutanak tutturman\u0131z\u0131 [&hellip;]<\/p>","protected":false},"author":1,"featured_media":0,"parent":0,"menu_order":0,"comment_status":"closed","ping_status":"closed","template":"","meta":{"footnotes":""},"class_list":["post-500","page","type-page","status-publish","hentry"],"yoast_head":"<!-- This site is optimized with the Yoast SEO plugin v26.3 - https:\/\/yoast.com\/wordpress\/plugins\/seo\/ -->\n<title>Teslimat, \u0130ade ve De\u011fi\u015fim - Gaia Studio<\/title>\n<meta name=\"description\" content=\"\u00dcr\u00fcnlerin teslimat, iade ve de\u011fi\u015fim hakk\u0131nda bilgilerine ve daha fazlas\u0131 hakk\u0131nda bilgilendirmeler bulunmaktad\u0131r.\" \/>\n<meta name=\"robots\" content=\"index, follow, max-snippet:-1, max-image-preview:large, max-video-preview:-1\" \/>\n<link rel=\"canonical\" href=\"https:\/\/gaiastudioofficial.com\/en\/delivery-return-exchange\/\" \/>\n<meta property=\"og:locale\" content=\"en_US\" \/>\n<meta property=\"og:type\" content=\"article\" \/>\n<meta property=\"og:title\" content=\"Teslimat, \u0130ade ve De\u011fi\u015fim - Gaia Studio\" \/>\n<meta property=\"og:description\" content=\"\u00dcr\u00fcnlerin teslimat, iade ve de\u011fi\u015fim hakk\u0131nda bilgilerine ve daha fazlas\u0131 hakk\u0131nda bilgilendirmeler bulunmaktad\u0131r.\" \/>\n<meta property=\"og:url\" content=\"https:\/\/gaiastudioofficial.com\/en\/delivery-return-exchange\/\" \/>\n<meta property=\"og:site_name\" content=\"Gaia Studio\" \/>\n<meta property=\"article:modified_time\" content=\"2025-11-13T00:51:09+00:00\" \/>\n<meta name=\"twitter:card\" content=\"summary_large_image\" \/>\n<meta name=\"twitter:label1\" content=\"Est. reading time\" \/>\n\t<meta name=\"twitter:data1\" content=\"2 minutes\" \/>\n<script type=\"application\/ld+json\" class=\"yoast-schema-graph\">{\"@context\":\"https:\/\/schema.org\",\"@graph\":[{\"@type\":\"WebPage\",\"@id\":\"https:\/\/gaiastudioofficial.com\/teslimat-iade-degisim\/\",\"url\":\"https:\/\/gaiastudioofficial.com\/teslimat-iade-degisim\/\",\"name\":\"Teslimat, \u0130ade ve De\u011fi\u015fim - Gaia Studio\",\"isPartOf\":{\"@id\":\"https:\/\/gaiastudioofficial.com\/#website\"},\"datePublished\":\"2024-06-11T04:03:46+00:00\",\"dateModified\":\"2025-11-13T00:51:09+00:00\",\"description\":\"\u00dcr\u00fcnlerin teslimat, iade ve de\u011fi\u015fim hakk\u0131nda bilgilerine ve daha fazlas\u0131 hakk\u0131nda bilgilendirmeler bulunmaktad\u0131r.\",\"breadcrumb\":{\"@id\":\"https:\/\/gaiastudioofficial.com\/teslimat-iade-degisim\/#breadcrumb\"},\"inLanguage\":\"en-US\",\"potentialAction\":[{\"@type\":\"ReadAction\",\"target\":[\"https:\/\/gaiastudioofficial.com\/teslimat-iade-degisim\/\"]}]},{\"@type\":\"BreadcrumbList\",\"@id\":\"https:\/\/gaiastudioofficial.com\/teslimat-iade-degisim\/#breadcrumb\",\"itemListElement\":[{\"@type\":\"ListItem\",\"position\":1,\"name\":\"Anasayfa\",\"item\":\"https:\/\/gaiastudioofficial.com\/\"},{\"@type\":\"ListItem\",\"position\":2,\"name\":\"Teslimat, \u0130ade ve De\u011fi\u015fim\"}]},{\"@type\":\"WebSite\",\"@id\":\"https:\/\/gaiastudioofficial.com\/#website\",\"url\":\"https:\/\/gaiastudioofficial.com\/\",\"name\":\"Gaia Studio\",\"description\":\"\",\"publisher\":{\"@id\":\"https:\/\/gaiastudioofficial.com\/#organization\"},\"potentialAction\":[{\"@type\":\"SearchAction\",\"target\":{\"@type\":\"EntryPoint\",\"urlTemplate\":\"https:\/\/gaiastudioofficial.com\/?s={search_term_string}\"},\"query-input\":{\"@type\":\"PropertyValueSpecification\",\"valueRequired\":true,\"valueName\":\"search_term_string\"}}],\"inLanguage\":\"en-US\"},{\"@type\":\"Organization\",\"@id\":\"https:\/\/gaiastudioofficial.com\/#organization\",\"name\":\"Gaia Studio\",\"url\":\"https:\/\/gaiastudioofficial.com\/\",\"logo\":{\"@type\":\"ImageObject\",\"inLanguage\":\"en-US\",\"@id\":\"https:\/\/gaiastudioofficial.com\/#\/schema\/logo\/image\/\",\"url\":\"https:\/\/gaiastudioofficial.com\/wp-content\/uploads\/2024\/08\/2-1-e1762222663606.png\",\"contentUrl\":\"https:\/\/gaiastudioofficial.com\/wp-content\/uploads\/2024\/08\/2-1-e1762222663606.png\",\"width\":563,\"height\":373,\"caption\":\"Gaia Studio\"},\"image\":{\"@id\":\"https:\/\/gaiastudioofficial.com\/#\/schema\/logo\/image\/\"}}]}<\/script>\n<!-- \/ Yoast SEO plugin. -->","yoast_head_json":{"title":"Teslimat, \u0130ade ve De\u011fi\u015fim - Gaia Studio","description":"\u00dcr\u00fcnlerin teslimat, iade ve de\u011fi\u015fim hakk\u0131nda bilgilerine ve daha fazlas\u0131 hakk\u0131nda bilgilendirmeler bulunmaktad\u0131r.","robots":{"index":"index","follow":"follow","max-snippet":"max-snippet:-1","max-image-preview":"max-image-preview:large","max-video-preview":"max-video-preview:-1"},"canonical":"https:\/\/gaiastudioofficial.com\/en\/delivery-return-exchange\/","og_locale":"en_US","og_type":"article","og_title":"Teslimat, \u0130ade ve De\u011fi\u015fim - Gaia Studio","og_description":"\u00dcr\u00fcnlerin teslimat, iade ve de\u011fi\u015fim hakk\u0131nda bilgilerine ve daha fazlas\u0131 hakk\u0131nda bilgilendirmeler bulunmaktad\u0131r.","og_url":"https:\/\/gaiastudioofficial.com\/en\/delivery-return-exchange\/","og_site_name":"Gaia Studio","article_modified_time":"2025-11-13T00:51:09+00:00","twitter_card":"summary_large_image","twitter_misc":{"Est. reading time":"2 minutes"},"schema":{"@context":"https:\/\/schema.org","@graph":[{"@type":"WebPage","@id":"https:\/\/gaiastudioofficial.com\/teslimat-iade-degisim\/","url":"https:\/\/gaiastudioofficial.com\/teslimat-iade-degisim\/","name":"Teslimat, \u0130ade ve De\u011fi\u015fim - Gaia Studio","isPartOf":{"@id":"https:\/\/gaiastudioofficial.com\/#website"},"datePublished":"2024-06-11T04:03:46+00:00","dateModified":"2025-11-13T00:51:09+00:00","description":"\u00dcr\u00fcnlerin teslimat, iade ve de\u011fi\u015fim hakk\u0131nda bilgilerine ve daha fazlas\u0131 hakk\u0131nda bilgilendirmeler bulunmaktad\u0131r.","breadcrumb":{"@id":"https:\/\/gaiastudioofficial.com\/teslimat-iade-degisim\/#breadcrumb"},"inLanguage":"en-US","potentialAction":[{"@type":"ReadAction","target":["https:\/\/gaiastudioofficial.com\/teslimat-iade-degisim\/"]}]},{"@type":"BreadcrumbList","@id":"https:\/\/gaiastudioofficial.com\/teslimat-iade-degisim\/#breadcrumb","itemListElement":[{"@type":"ListItem","position":1,"name":"Anasayfa","item":"https:\/\/gaiastudioofficial.com\/"},{"@type":"ListItem","position":2,"name":"Teslimat, \u0130ade ve De\u011fi\u015fim"}]},{"@type":"WebSite","@id":"https:\/\/gaiastudioofficial.com\/#website","url":"https:\/\/gaiastudioofficial.com\/","name":"Gaia Studio","description":"","publisher":{"@id":"https:\/\/gaiastudioofficial.com\/#organization"},"potentialAction":[{"@type":"SearchAction","target":{"@type":"EntryPoint","urlTemplate":"https:\/\/gaiastudioofficial.com\/?s={search_term_string}"},"query-input":{"@type":"PropertyValueSpecification","valueRequired":true,"valueName":"search_term_string"}}],"inLanguage":"en-US"},{"@type":"Organization","@id":"https:\/\/gaiastudioofficial.com\/#organization","name":"Gaia Studio","url":"https:\/\/gaiastudioofficial.com\/","logo":{"@type":"ImageObject","inLanguage":"en-US","@id":"https:\/\/gaiastudioofficial.com\/#\/schema\/logo\/image\/","url":"https:\/\/gaiastudioofficial.com\/wp-content\/uploads\/2024\/08\/2-1-e1762222663606.png","contentUrl":"https:\/\/gaiastudioofficial.com\/wp-content\/uploads\/2024\/08\/2-1-e1762222663606.png","width":563,"height":373,"caption":"Gaia Studio"},"image":{"@id":"https:\/\/gaiastudioofficial.com\/#\/schema\/logo\/image\/"}}]}},"_links":{"self":[{"href":"https:\/\/gaiastudioofficial.com\/en\/wp-json\/wp\/v2\/pages\/500","targetHints":{"allow":["GET"]}}],"collection":[{"href":"https:\/\/gaiastudioofficial.com\/en\/wp-json\/wp\/v2\/pages"}],"about":[{"href":"https:\/\/gaiastudioofficial.com\/en\/wp-json\/wp\/v2\/types\/page"}],"author":[{"embeddable":true,"href":"https:\/\/gaiastudioofficial.com\/en\/wp-json\/wp\/v2\/users\/1"}],"replies":[{"embeddable":true,"href":"https:\/\/gaiastudioofficial.com\/en\/wp-json\/wp\/v2\/comments?post=500"}],"version-history":[{"count":7,"href":"https:\/\/gaiastudioofficial.com\/en\/wp-json\/wp\/v2\/pages\/500\/revisions"}],"predecessor-version":[{"id":6108,"href":"https:\/\/gaiastudioofficial.com\/en\/wp-json\/wp\/v2\/pages\/500\/revisions\/6108"}],"wp:attachment":[{"href":"https:\/\/gaiastudioofficial.com\/en\/wp-json\/wp\/v2\/media?parent=500"}],"curies":[{"name":"wp","href":"https:\/\/api.w.org\/{rel}","templated":true}]}}